{"id":1128,"date":"2022-02-14T22:56:00","date_gmt":"2022-02-14T22:56:00","guid":{"rendered":"https:\/\/xuyennguyencomputer.com\/?page_id=1128"},"modified":"2024-05-06T00:46:40","modified_gmt":"2024-05-06T00:46:40","slug":"dowload-tool-iremove-icloud-new-bypass-icloud-iphone","status":"publish","type":"page","link":"https:\/\/xuyennguyencomputer.com\/index.php\/dowload-tool-iremove-icloud-new-bypass-icloud-iphone\/","title":{"rendered":"DOWLOAD Tool Iremove iCloud New Bypass iCloud iPhone"},"content":{"rendered":"<p>Hits: 153<\/p>\n<p>Checkra1n Windows: 0.12.4<\/p>\n\n\n\n\n\n<ul class=\"wp-block-list\"><li><img decoding=\"async\" height=\"16\" src=\"https:\/\/frpfile.com\/wp-content\/uploads\/2020\/09\/icon_google-drive.png\" alt=\"Google Drive\">\u00a0<a href=\"https:\/\/drive.google.com\/drive\/folders\/1TyQRx9sDSbctrNYx-knpTC6nPalMnf7w?usp=drive_link\" title=\"https:\/\/www.mediafire.com\/file\/yzqtwp24pcoixfi\/Justatech_Checkra1n_0.12.3_Windows.zip\/file?fbclid=IwAR03pcMf6y0PG6Xd61S5AGK9tlqbO7P6G80aIlLlsRSfdHfIZ4F8iud8CE0\">Google Drive<\/a><\/li><li>Password unzip:\u00a0<strong>xuyennguyenft.<\/strong>com<\/li><\/ul>\n\n\n\n<p class=\"has-text-color\" style=\"color:#f40928\"><strong>Link DOWLOAD Tool Iremove iCloud New Bypass iCloud iPhone<\/strong><\/p>\n\n\n\n<p><em><strong>Tool n\u00e0y c\u00f3 ph\u00ed. Ch\u1ec9 b\u00e1n cho th\u1ee3. Ng\u01b0\u1eddi d\u00f9ng kh\u00f4ng Scam nh\u00e9<\/strong><\/em><\/p>\n\n\n\n\n\n<ul id=\"block-b3aed899-b13c-4c1b-acdb-e41845f5d70c\" class=\"has-text-color wp-block-list\" style=\"color:#fa0a1e\"><li><strong>Link DOWLOAD Tool Iremove iCloud New Bypass iCloud iPhone:&nbsp;<a href=\"https:\/\/link1s.com\/tool-bypass-icloud-new\" target=\"_blank\" rel=\"noreferrer noopener\">Google Driver<\/a><\/strong><\/li><li><strong>Tool mina 1.1 + 3.2 &nbsp;:&nbsp;<a href=\"https:\/\/link1s.com\/dowload-mina11-32\" target=\"_blank\" rel=\"noreferrer noopener\">Google Driver<\/a><\/strong><\/li><li><strong>T\u1ea5t c\u1ea3 checkra1n tr\u00ean mac:&nbsp;<a href=\"https:\/\/link1s.com\/dowload-checkra1n-mac\" target=\"_blank\" rel=\"noreferrer noopener\">Google Driver<\/a><\/strong><\/li><li><strong>Tool off Proxy:&nbsp;<a href=\"https:\/\/link1s.com\/dowload-tool-proxy\">Google Driver<\/a><\/strong><\/li><li><strong>DefenderControl&nbsp;:&nbsp;<a href=\"https:\/\/link1s.com\/dowload-chan-virus\">Google Driver<\/a><\/strong><\/li><\/ul>\n\n\n\n\n\n<ul class=\"wp-block-list\" id=\"block-7d3b16fd-1075-4afc-87fa-20db1401adba\"><li><a href=\"https:\/\/link1s.com\/dowload-netfram-472\">NET Framework 4.7.2 required<\/a><\/li><li><a href=\"https:\/\/youtu.be\/_6vLJQNpnZE\">Video fix link Google Driver<\/a><\/li><\/ul>\n\n\n\n<p><\/p>\n","protected":false},"excerpt":{"rendered":"<p>Hits: 153 Checkra1n Windows: 0.12.4 \u00a0Google Drive Password unzip:\u00a0xuyennguyenft.com Link DOWLOAD Tool Iremove iCloud New Bypass iCloud iPhone Tool n\u00e0y [&hellip;]<\/p>\n","protected":false},"author":1,"featured_media":0,"parent":0,"menu_order":0,"comment_status":"closed","ping_status":"closed","template":"","meta":{"_monsterinsights_skip_tracking":false,"_monsterinsights_sitenote_active":false,"_monsterinsights_sitenote_note":"","_monsterinsights_sitenote_category":0,"footnotes":""},"class_list":["post-1128","page","type-page","status-publish","hentry"],"_links":{"self":[{"href":"https:\/\/xuyennguyencomputer.com\/index.php\/wp-json\/wp\/v2\/pages\/1128","targetHints":{"allow":["GET"]}}],"collection":[{"href":"https:\/\/xuyennguyencomputer.com\/index.php\/wp-json\/wp\/v2\/pages"}],"about":[{"href":"https:\/\/xuyennguyencomputer.com\/index.php\/wp-json\/wp\/v2\/types\/page"}],"author":[{"embeddable":true,"href":"https:\/\/xuyennguyencomputer.com\/index.php\/wp-json\/wp\/v2\/users\/1"}],"replies":[{"embeddable":true,"href":"https:\/\/xuyennguyencomputer.com\/index.php\/wp-json\/wp\/v2\/comments?post=1128"}],"version-history":[{"count":7,"href":"https:\/\/xuyennguyencomputer.com\/index.php\/wp-json\/wp\/v2\/pages\/1128\/revisions"}],"predecessor-version":[{"id":2136,"href":"https:\/\/xuyennguyencomputer.com\/index.php\/wp-json\/wp\/v2\/pages\/1128\/revisions\/2136"}],"wp:attachment":[{"href":"https:\/\/xuyennguyencomputer.com\/index.php\/wp-json\/wp\/v2\/media?parent=1128"}],"curies":[{"name":"wp","href":"https:\/\/api.w.org\/{rel}","templated":true}]}}