{"id":1174,"date":"2022-03-21T03:23:11","date_gmt":"2022-03-21T03:23:11","guid":{"rendered":"https:\/\/xuyennguyencomputer.com\/?page_id=1174"},"modified":"2024-05-06T00:51:24","modified_gmt":"2024-05-06T00:51:24","slug":"dowload-lpro-boot-disk-bypass-passcode-ios-15-khong-can-jailbreak-iphone-6s-x","status":"publish","type":"page","link":"https:\/\/xuyennguyencomputer.com\/index.php\/dowload-lpro-boot-disk-bypass-passcode-ios-15-khong-can-jailbreak-iphone-6s-x\/","title":{"rendered":"DOWLOAD LPro Boot Disk Bypass Passcode IOS 15 kh\u00f4ng c\u1ea7n jailbreak iPhone 6s &#8211; X"},"content":{"rendered":"<p>Hits: 144<\/p>\n\n\n<h2 class=\"has-text-color has-medium-font-size wp-block-heading\" id=\"block-67637398-4471-47de-a786-869bc9aab085\" style=\"color:#f00a0e\"><strong>DOWNLOAD:&nbsp;<\/strong>checkra1nRG checkra1n 0.12.4<\/h2>\n\n\n\n<ul class=\"wp-block-list\" id=\"block-4e60a2c4-a9b9-4dcf-8d96-4dbcb7eb8b1a\"><li>Checkra1n Windows: 0.12.4<ul><li><img decoding=\"async\" height=\"16\" src=\"https:\/\/frpfile.com\/wp-content\/uploads\/2020\/09\/icon_google-drive.png\" alt=\"Google Drive\">\u00a0<a href=\"https:\/\/drive.google.com\/drive\/folders\/1TyQRx9sDSbctrNYx-knpTC6nPalMnf7w?usp=drive_link\">Google Drive<\/a><\/li><li>Password unzip:\u00a0<strong>xuyennguyenft.online<\/strong><\/li><\/ul><\/li><\/ul>\n\n\n\n<p class=\"has-text-align-center has-text-color\" style=\"color:#1104fb;font-size:30px\"><strong>B\u1ea3ng gi\u00e1 oder<\/strong> <strong>cho anh em c\u1eeda h\u00e0ng<\/strong>:<\/p>\n\n\n\n<p class=\"has-text-align-center has-text-color\" style=\"color:#4a00a3\"><strong>Anh ch\u1ecb em  Copy ECID \u0111\u01b0a m\u00e1y v\u1ec1 DFU k\u1ebft n\u1ed1i v\u00e0o<\/strong><\/p>\n\n\n\n<p class=\"has-text-align-center has-text-color\" style=\"color:#ec080f\"><strong><strong>( Gi\u00e1 \u0111\u00e3 h\u1ea1 nhi\u1ec7t &#8211; Th\u1ee3 l\u00e0m nhi\u1ec1u gi\u00e1 m\u1ec1n h\u01a1n)<\/strong><\/strong><\/p>\n\n\n\n<p class=\"has-text-align-center has-text-color\" style=\"color:#ef0c17\"><strong>6s\/6s+          : 250k<\/strong><\/p>\n\n\n\n<p class=\"has-text-align-center has-text-color\" style=\"color:#ef0c17\"><strong>7g\/7+         : 300k<\/strong><\/p>\n\n\n\n<p class=\"has-text-align-center has-text-color\" style=\"color:#ef0c17\"><strong>8 \/8+          : 350k<\/strong><br><strong>X                  : 400k<\/strong><\/p>\n\n\n\n<p><\/p>\n\n\n\n\n\n<ul id=\"block-16ca29bb-f128-4039-aee9-8f0c6f06b738\" class=\"has-text-color has-medium-font-size wp-block-list\" style=\"color:#f40943\"><li><strong>Link tool: LPro Boot Disk<\/strong> <strong>m\u00e1y passcode ios 15<\/strong> + Lpro Magic hello<ul><li><strong><strong>LPro Boot Disk<\/strong><\/strong> <strong>: <a href=\"https:\/\/mega.nz\/folder\/M9wDDbQC#Yz3Gnsdj_N2FbVrKdaKcnw\/folder\/Q9gixbwa\" target=\"_blank\" rel=\"noreferrer noopener\">Google Driver<\/a><\/strong><\/li><\/ul><ul><li><strong>i4tool + patcher : <a href=\"https:\/\/link1s.com\/i4tool-partcher\" target=\"_blank\" rel=\"noreferrer noopener\">Google Driver<\/a><\/strong><\/li><\/ul><ul><li><strong>DefenderControl&nbsp;: <a href=\"https:\/\/link1s.com\/dowload-chan-virus\">Google Driver<\/a><\/strong><\/li><\/ul><\/li><\/ul>\n\n\n\n\n\n<ul class=\"wp-block-list\" id=\"block-9bf25296-c173-430a-89d7-ad66435523d3\"><li><a href=\"https:\/\/link1s.com\/dowload-netfram-472\">NET Framework 4.7.2 required<\/a><\/li><li><a href=\"https:\/\/youtu.be\/_6vLJQNpnZE\">Video fix link Google Driver<\/a><\/li><\/ul>\n","protected":false},"excerpt":{"rendered":"<p>Hits: 144 DOWNLOAD:&nbsp;checkra1nRG checkra1n 0.12.4 Checkra1n Windows: 0.12.4 \u00a0Google Drive Password unzip:\u00a0xuyennguyenft.online B\u1ea3ng gi\u00e1 oder cho anh em c\u1eeda h\u00e0ng: [&hellip;]<\/p>\n","protected":false},"author":1,"featured_media":0,"parent":0,"menu_order":0,"comment_status":"closed","ping_status":"closed","template":"","meta":{"_monsterinsights_skip_tracking":false,"_monsterinsights_sitenote_active":false,"_monsterinsights_sitenote_note":"","_monsterinsights_sitenote_category":0,"footnotes":""},"class_list":["post-1174","page","type-page","status-publish","hentry"],"_links":{"self":[{"href":"https:\/\/xuyennguyencomputer.com\/index.php\/wp-json\/wp\/v2\/pages\/1174","targetHints":{"allow":["GET"]}}],"collection":[{"href":"https:\/\/xuyennguyencomputer.com\/index.php\/wp-json\/wp\/v2\/pages"}],"about":[{"href":"https:\/\/xuyennguyencomputer.com\/index.php\/wp-json\/wp\/v2\/types\/page"}],"author":[{"embeddable":true,"href":"https:\/\/xuyennguyencomputer.com\/index.php\/wp-json\/wp\/v2\/users\/1"}],"replies":[{"embeddable":true,"href":"https:\/\/xuyennguyencomputer.com\/index.php\/wp-json\/wp\/v2\/comments?post=1174"}],"version-history":[{"count":23,"href":"https:\/\/xuyennguyencomputer.com\/index.php\/wp-json\/wp\/v2\/pages\/1174\/revisions"}],"predecessor-version":[{"id":2151,"href":"https:\/\/xuyennguyencomputer.com\/index.php\/wp-json\/wp\/v2\/pages\/1174\/revisions\/2151"}],"wp:attachment":[{"href":"https:\/\/xuyennguyencomputer.com\/index.php\/wp-json\/wp\/v2\/media?parent=1174"}],"curies":[{"name":"wp","href":"https:\/\/api.w.org\/{rel}","templated":true}]}}