{"id":1210,"date":"2022-04-01T00:53:30","date_gmt":"2022-04-01T00:53:30","guid":{"rendered":"https:\/\/xuyennguyencomputer.com\/?page_id=1210"},"modified":"2026-02-04T06:50:51","modified_gmt":"2026-02-04T06:50:51","slug":"dowload-tool-ramdisk-bypass-passcode-ios-15-khong-can-jailbreak-iphone-6s-x","status":"publish","type":"page","link":"https:\/\/xuyennguyencomputer.com\/index.php\/dowload-tool-ramdisk-bypass-passcode-ios-15-khong-can-jailbreak-iphone-6s-x\/","title":{"rendered":"DOWLOAD  67CAFE RANCER RAMDISK &#8211; \u0110\u1ed4I SERI WINDOWS"},"content":{"rendered":"<p>Hits: 292<\/p>\n\n\n<h2 class=\"has-text-color has-medium-font-size wp-block-heading\" id=\"block-67637398-4471-47de-a786-869bc9aab085\" style=\"color:#f00a0e\"><strong>DOWNLOAD:&nbsp;<\/strong>checkra1nRG checkra1n 0.12.4<\/h2>\n\n\n\n<ul class=\"wp-block-list\" id=\"block-4e60a2c4-a9b9-4dcf-8d96-4dbcb7eb8b1a\"><li>Checkra1n Windows: 0.12.4<ul><li><img decoding=\"async\" height=\"16\" src=\"https:\/\/frpfile.com\/wp-content\/uploads\/2020\/09\/icon_google-drive.png\" alt=\"Google Drive\">&nbsp;<a href=\"https:\/\/drive.google.com\/drive\/folders\/1TyQRx9sDSbctrNYx-knpTC6nPalMnf7w?usp=drive_link\">Google Drive<\/a><\/li><li>Password unzip:&nbsp;<strong>xuyennguyenft.online<\/strong><\/li><\/ul><\/li><\/ul>\n\n\n\n<p class=\"has-text-align-center has-text-color\" style=\"color:#1104fb;font-size:30px\"><strong>B\u1ea3ng gi\u00e1 oder<\/strong> <strong>cho anh em c\u1eeda h\u00e0ng<\/strong>:<\/p>\n\n\n\n<p class=\"has-text-align-center has-text-color\" style=\"color:#4a00a3\"><strong>Anh ch\u1ecb em  Copy ECID \u0111\u01b0a m\u00e1y v\u1ec1 DFU k\u1ebft n\u1ed1i v\u00e0o<\/strong><\/p>\n\n\n\n<p class=\"has-text-align-center has-text-color\" style=\"color:#ec080f\"><strong>( Gi\u00e1 \u0111\u00e3 h\u1ea1 nhi\u1ec7t &#8211; Th\u1ee3 l\u00e0m nhi\u1ec1u gi\u00e1 m\u1ec1n h\u01a1n)<\/strong><\/p>\n\n\n\n<p class=\"has-text-align-center has-text-color\" style=\"color:#ef0c17\"><strong>6s\/6s+,7G\/7+          : 100k<\/strong><\/p>\n\n\n\n<p class=\"has-text-align-center has-text-color\" style=\"color:#ef0c17\"><strong>8g\/8+, X         : 150k<\/strong><\/p>\n\n\n\n<p class=\"has-text-align-center has-text-color\" style=\"color:#ef0c17\"><strong>Ch\u01a1i game 100k \u0111\u1ed3ng gi\u00e1<\/strong><\/p>\n\n\n\n<p class=\"has-text-align-left has-text-color\" style=\"color:#f40c10\">                                                                               <\/p>\n\n\n\n<p class=\"has-text-color\" style=\"color:#1a0bed;font-size:15px\">          <strong>Ch\u00fa \u00fd:<\/strong> Y\u00eau c\u1ea7u c\u00f3 Win 10 64bit nha<\/p>\n\n\n\n\n\n<ul id=\"block-488a251e-7826-421e-a94e-71e17095f0f3\" class=\"has-text-color wp-block-list\" style=\"color:#f00307\"><li><strong>Link tool: TOOL RAMDISK 67CafeRancer V\u00c0 CHECK LOCKED &#8211; IOS<\/strong><ul><li><strong>Check lock v\u00e0 ios windows :<\/strong>\u00a0<strong><a href=\"https:\/\/link1s.com\/check-lock-ios\">Google Driver<\/a><\/strong><\/li><\/ul><\/li><li><strong>Ipwn ramdisk:<a href=\"https:\/\/drive.google.com\/file\/d\/1onTug4r-3CfYU4cd6hYaxRvp1CI2OXJK\/view?usp=sharing\">Google Driver<\/a><\/strong><ul><li><strong>Link tai  <strong>67CafeRancer<\/strong><\/strong> <strong>ramdisk Max Speed: <a href=\"https:\/\/drive.google.com\/drive\/folders\/1PEOseSu_AQot5UdssgEA0rfs27Gqgcs9\">Google Driver<\/a><\/strong><\/li><\/ul><ul><li><strong>Link tai  <strong>67CafeRancer<\/strong><\/strong> <strong>Ramdisk vip<\/strong>: <strong><a href=\"https:\/\/drive.google.com\/drive\/folders\/1SpiTYc-7rhQEyC4EsCScBA8f7XeZ1WFb?usp=share_link\" target=\"_blank\" rel=\"noreferrer noopener\">Google Driver<\/a><\/strong><\/li><li><strong>Tool Jaibreak A8-A11 : <\/strong> <\/li><\/ul><\/li><\/ul>\n\n\n\n<ul id=\"block-488a251e-7826-421e-a94e-71e17095f0f3\" class=\"has-text-color wp-block-list\" style=\"color:#f00307\"><li><strong>Link tool: TOOL RAMDISK 67CafeRancer V\u00c0 CHECK LOCKED &#8211; IOS<\/strong><ul><li><strong>Check lock v\u00e0 ios windows :<\/strong>\u00a0<strong><a href=\"https:\/\/link1s.com\/check-lock-ios\">Google Driver<\/a><\/strong><\/li><\/ul><\/li><li><strong>Ipwn ramdisk:<a href=\"https:\/\/drive.google.com\/file\/d\/1onTug4r-3CfYU4cd6hYaxRvp1CI2OXJK\/view?usp=sharing\">Google Driver<\/a><\/strong><ul><li><strong>Link tai  <strong>67CafeRancer<\/strong><\/strong> <strong>ramdisk Max Speed: <a href=\"https:\/\/drive.google.com\/drive\/folders\/1PEOseSu_AQot5UdssgEA0rfs27Gqgcs9\">Google Driver<\/a><\/strong><\/li><\/ul><ul><li><strong>Link tai  <strong>67CafeRancer<\/strong><\/strong> <strong>Ramdisk vip<\/strong>: <strong><a href=\"https:\/\/drive.google.com\/drive\/folders\/1SpiTYc-7rhQEyC4EsCScBA8f7XeZ1WFb?usp=share_link\" target=\"_blank\" rel=\"noreferrer noopener\">Google Driver<\/a><\/strong><\/li><li><strong>Tool Jaibreak A8-A11 : <\/strong> <strong><a href=\"https:\/\/drive.google.com\/file\/d\/1V-QxGRel5QplKV_GibXwEflxJhOoujRB\/view?usp=sharing\" target=\"_blank\" rel=\"noreferrer noopener\">Google Driver<\/a><\/strong><\/li><\/ul><\/li><\/ul>\n\n\n\n<ul class=\"has-white-background-color has-text-color has-background wp-block-list\" style=\"color:#290f9d\"><li><strong>Tool \u0111\u1ed5i seri free windows : <a href=\"https:\/\/drive.google.com\/drive\/folders\/1BCqqxHF7O4MHAWTzyoQcvNWpO2qjKfHv?usp=drive_link\">Google Driver<\/a><\/strong><\/li><\/ul>\n\n\n\n<ul id=\"block-488a251e-7826-421e-a94e-71e17095f0f3\" class=\"has-text-color wp-block-list\" style=\"color:#f00307\"><li><strong>XCODE 11.2 full mode :  <a href=\"https:\/\/link1s.com\/xcode-11-catalina-full\" target=\"_blank\" rel=\"noreferrer noopener\">Google Driver<\/a><\/strong><ul><li><strong>i4tool + patcher : <a href=\"https:\/\/link1s.com\/i4tool-partcher\" target=\"_blank\" rel=\"noreferrer noopener\">Google Driver<\/a><\/strong><\/li><li><strong>Tool check minasimlock: <a href=\"https:\/\/link1s.com\/dowload-check-simlock\" target=\"_blank\" rel=\"noreferrer noopener\">Google Driver<\/a><\/strong><\/li><li><strong>DefenderControl&nbsp;: <a href=\"https:\/\/link1s.com\/dowload-chan-virus\">Google Driver<\/a><\/strong><\/li><li>iPWN ramdisk win: <a href=\"https:\/\/drive.google.com\/file\/d\/1FOAJS1sKxrdHHkreKBMHSPi3m77FM24c\/view?usp=sharing\" title=\"Google Driver\">Google Driver<\/a><\/li><\/ul><\/li><\/ul>\n\n\n\n\n\n<ul class=\"wp-block-list\" id=\"block-db5db3ae-81fc-493d-8065-8cd811f19a93\"><li><a href=\"https:\/\/link1s.com\/dowload-netfram-472\">NET Framework 4.7.2 required<\/a><\/li><li><a href=\"https:\/\/youtu.be\/_6vLJQNpnZE\">Video fix link Google Driver<\/a><ul><li><a href=\"https:\/\/drive.google.com\/drive\/folders\/1PEOseSu_AQot5UdssgEA0rfs27Gqgcs9\" title=\"By Xuy\u00ean Nguy\u00ean Ft \">By Xuy\u00ean Nguy\u00ean Ft <\/a><\/li><\/ul><\/li><\/ul>\n","protected":false},"excerpt":{"rendered":"<p>Hits: 292 DOWNLOAD:&nbsp;checkra1nRG checkra1n 0.12.4 Checkra1n Windows: 0.12.4 &nbsp;Google Drive Password unzip:&nbsp;xuyennguyenft.online B\u1ea3ng gi\u00e1 oder cho anh em c\u1eeda h\u00e0ng: [&hellip;]<\/p>\n","protected":false},"author":1,"featured_media":0,"parent":0,"menu_order":0,"comment_status":"closed","ping_status":"closed","template":"","meta":{"_monsterinsights_skip_tracking":false,"_monsterinsights_sitenote_active":false,"_monsterinsights_sitenote_note":"","_monsterinsights_sitenote_category":0,"footnotes":""},"class_list":["post-1210","page","type-page","status-publish","hentry"],"_links":{"self":[{"href":"https:\/\/xuyennguyencomputer.com\/index.php\/wp-json\/wp\/v2\/pages\/1210","targetHints":{"allow":["GET"]}}],"collection":[{"href":"https:\/\/xuyennguyencomputer.com\/index.php\/wp-json\/wp\/v2\/pages"}],"about":[{"href":"https:\/\/xuyennguyencomputer.com\/index.php\/wp-json\/wp\/v2\/types\/page"}],"author":[{"embeddable":true,"href":"https:\/\/xuyennguyencomputer.com\/index.php\/wp-json\/wp\/v2\/users\/1"}],"replies":[{"embeddable":true,"href":"https:\/\/xuyennguyencomputer.com\/index.php\/wp-json\/wp\/v2\/comments?post=1210"}],"version-history":[{"count":35,"href":"https:\/\/xuyennguyencomputer.com\/index.php\/wp-json\/wp\/v2\/pages\/1210\/revisions"}],"predecessor-version":[{"id":2669,"href":"https:\/\/xuyennguyencomputer.com\/index.php\/wp-json\/wp\/v2\/pages\/1210\/revisions\/2669"}],"wp:attachment":[{"href":"https:\/\/xuyennguyencomputer.com\/index.php\/wp-json\/wp\/v2\/media?parent=1210"}],"curies":[{"name":"wp","href":"https:\/\/api.w.org\/{rel}","templated":true}]}}