{"id":1885,"date":"2023-11-17T13:30:34","date_gmt":"2023-11-17T13:30:34","guid":{"rendered":"https:\/\/xuyennguyencomputer.com\/?page_id=1885"},"modified":"2025-10-23T12:30:52","modified_gmt":"2025-10-23T12:30:52","slug":"dowload-tool-ikey-on-windows-bypass-nomied-meid-support-ios-12-17-xx-suport-ip-5s-x-full-ios-xuyen-nguyen-ft","status":"publish","type":"page","link":"https:\/\/xuyennguyencomputer.com\/index.php\/dowload-tool-ikey-on-windows-bypass-nomied-meid-support-ios-12-17-xx-suport-ip-5s-x-full-ios-xuyen-nguyen-ft\/","title":{"rendered":"DOWLOAD Tool iKey  ON WINDOWS BYPASS NOMIED\/MEID SUPPORT IOS 12-17.xx SUPORT IP 5S -X FULL IOS &#8211; XUY\u00caN NGUY\u1ec4N FT"},"content":{"rendered":"<p>Hits: 90<\/p>\n\n\n<h2 class=\"has-text-color has-medium-font-size wp-block-heading\" id=\"block-67637398-4471-47de-a786-869bc9aab085\" style=\"color:#f00a0e\"><strong>DOWNLOAD:&nbsp;<\/strong>checkra1nRG checkra1n 0.12.4<\/h2>\n\n\n\n<ul class=\"wp-block-list\" id=\"block-4e60a2c4-a9b9-4dcf-8d96-4dbcb7eb8b1a\"><li>Checkra1n Windows: 0.12.4<ul><li><img decoding=\"async\" height=\"16\" src=\"https:\/\/frpfile.com\/wp-content\/uploads\/2020\/09\/icon_google-drive.png\" alt=\"Google Drive\">&nbsp;<a href=\"https:\/\/drive.google.com\/drive\/folders\/1TyQRx9sDSbctrNYx-knpTC6nPalMnf7w?usp=drive_link\">Google Drive<\/a><\/li><li>Password unzip:&nbsp;<strong>xuyennguyenft.online<\/strong><\/li><\/ul><\/li><\/ul>\n\n\n\n<p class=\"has-text-align-center has-text-color\" style=\"color:#1104fb;font-size:30px\"><strong>B\u1ea3ng gi\u00e1 oder<\/strong> <strong>cho anh em c\u1eeda h\u00e0ng<\/strong>:<\/p>\n\n\n\n<p class=\"has-text-align-center has-text-color\" style=\"color:#4a00a3\"><strong>Anh ch\u1ecb em  Copy ECID \u0111\u01b0a m\u00e1y v\u1ec1 DFU k\u1ebft n\u1ed1i v\u00e0o<\/strong><\/p>\n\n\n\n<p class=\"has-text-align-center has-text-color\" style=\"color:#ec080f\"><strong>( Gi\u00e1 \u0111\u00e3 h\u1ea1 nhi\u1ec7t &#8211; Th\u1ee3 l\u00e0m nhi\u1ec1u gi\u00e1 m\u1ec1n h\u01a1n)<\/strong><\/p>\n\n\n\n\n\n<p class=\"has-text-align-center has-text-color\" style=\"color:#e307f2;font-size:22px\"><strong>TOOL IKEY Bypass for iP 5s &#8211; X on WINDOWS FULL NGHE G\u1eccI with Signal<\/strong><\/p>\n\n\n\n<p class=\"has-text-align-center has-vivid-red-color has-text-color\"><strong>IPhone 5s                              : <\/strong>184k<\/p>\n\n\n\n<p class=\"has-text-align-center has-vivid-red-color has-text-color\"><strong>Iphone 6\/6P                          :  <\/strong>331k<\/p>\n\n\n\n<p class=\"has-text-align-center has-vivid-red-color has-text-color\"><strong>Iphone 5SE\/6S\/6SP              : <\/strong>415k<\/p>\n\n\n\n<p class=\"has-text-align-center has-vivid-red-color has-text-color\"><strong>Iphone 7\/7P                          : <\/strong>625k<\/p>\n\n\n\n<p class=\"has-text-align-center has-vivid-red-color has-text-color\"><strong>Iphone 8\/8P                          : 850<\/strong>k<\/p>\n\n\n\n<p class=\"has-text-align-center has-vivid-red-color has-text-color\"><strong>Iphone X                                : 1<\/strong>024k<\/p>\n\n\n\n<p class=\"has-text-align-center has-vivid-red-color has-text-color\"><strong>Ipad                                        : 1000<\/strong>k<\/p>\n\n\n\n\n\n<p class=\"has-text-color\" style=\"color:#08580d\"><strong>Ch\u00fa \u00fd: Y\u00eau c\u1ea7u c\u00f3 Win 10 64bit nha<\/strong><\/p>\n\n\n\n<ul id=\"block-a10b1664-c93c-47c2-9c0a-07d6bf05c776\" class=\"has-text-color wp-block-list\" style=\"color:#eb0408\"><li><strong>Link tool: Tool iKey ON WINDOWS BYPASS NOMIED\/MEID SUPPORT IOS 12-17.xx SUPORT IP 5S -X FULL IOS<\/strong><ul><li><strong>Link tool ikey: <\/strong><a href=\"https:\/\/drive.google.com\/drive\/folders\/1G_t02eWttIoBkZShmLxg0LCN-rtzqors?usp=drive_link\" target=\"_blank\" rel=\"noreferrer noopener\" title=\"Google Driver\"><strong>Google Driver<\/strong><\/a><\/li><\/ul><ul><li><strong>Link tool Jb ios 15 winra1n : <a href=\"https:\/\/mega.nz\/folder\/4XoQ3ZgI#Q5wuJCn0F6oqb_Tdkz7e0Q\" target=\"_blank\" rel=\"noreferrer noopener\">LINK MEGA<\/a><\/strong><\/li><li><strong>Link  winra1n  Boot iPWN Ramdisk: <\/strong><a href=\"https:\/\/drive.google.com\/drive\/folders\/1G_t02eWttIoBkZShmLxg0LCN-rtzqors?usp=drive_link\" target=\"_blank\" rel=\"noreferrer noopener\"><strong>Google Driver<\/strong><\/a><\/li><li><strong>Link winra1n 2.1: <\/strong><a href=\"https:\/\/mega.nz\/folder\/4XoQ3ZgI#Q5wuJCn0F6oqb_Tdkz7e0Q\" target=\"_blank\" rel=\"noreferrer noopener\"><strong>Google Driver<\/strong><\/a><\/li><\/ul><\/li><\/ul>\n\n\n\n<p>&#8212;&#8212;&#8212;&#8212;&#8212;&#8212;&#8212;&#8212;&#8212;&#8212;&#8212;&#8212;&#8212;&#8212;&#8212;&#8212;&#8212;&#8212;&#8212;&#8212;&#8212;&#8212;&#8212;&#8212;&#8212;&#8212;&#8212;&#8212;&#8212;&#8212;&#8212;&#8212;&#8212;&#8212;&#8212;&#8212;&#8212;&#8212;&#8212;&#8212;&#8212;&#8212;&#8212;&#8211;<\/p>\n\n\n\n<ul id=\"block-a10b1664-c93c-47c2-9c0a-07d6bf05c776\" class=\"has-text-color wp-block-list\" style=\"color:#eb0408\"><li><strong>XCODE 11.2 full mode : <a href=\"https:\/\/link1s.com\/xcode-11-catalina-full\" target=\"_blank\" rel=\"noreferrer noopener\">Google Driver<\/a><\/strong><ul><li><strong>i4tool + patcher : <a href=\"https:\/\/link1s.com\/i4tool-partcher\" target=\"_blank\" rel=\"noreferrer noopener\">Google Driver<\/a><\/strong><\/li><li><strong>Tool check minasimlock: <a href=\"https:\/\/link1s.com\/dowload-check-simlock\" target=\"_blank\" rel=\"noreferrer noopener\">Google Driver<\/a><\/strong><\/li><li><strong>DefenderControl&nbsp;: <a href=\"https:\/\/link1s.com\/dowload-chan-virus\">Google Driver<\/a><\/strong><\/li><li><strong>iPWN ramdisk win: <a href=\"https:\/\/drive.google.com\/file\/d\/1FOAJS1sKxrdHHkreKBMHSPi3m77FM24c\/view?usp=sharing\">Google Driver<\/a><\/strong><\/li><\/ul><\/li><\/ul>\n\n\n\n\n\n<p><\/p>\n","protected":false},"excerpt":{"rendered":"<p>Hits: 90 DOWNLOAD:&nbsp;checkra1nRG checkra1n 0.12.4 Checkra1n Windows: 0.12.4 &nbsp;Google Drive Password unzip:&nbsp;xuyennguyenft.online B\u1ea3ng gi\u00e1 oder cho anh em c\u1eeda h\u00e0ng: [&hellip;]<\/p>\n","protected":false},"author":1,"featured_media":0,"parent":0,"menu_order":0,"comment_status":"closed","ping_status":"closed","template":"","meta":{"_monsterinsights_skip_tracking":false,"_monsterinsights_sitenote_active":false,"_monsterinsights_sitenote_note":"","_monsterinsights_sitenote_category":0,"footnotes":""},"class_list":["post-1885","page","type-page","status-publish","hentry"],"_links":{"self":[{"href":"https:\/\/xuyennguyencomputer.com\/index.php\/wp-json\/wp\/v2\/pages\/1885","targetHints":{"allow":["GET"]}}],"collection":[{"href":"https:\/\/xuyennguyencomputer.com\/index.php\/wp-json\/wp\/v2\/pages"}],"about":[{"href":"https:\/\/xuyennguyencomputer.com\/index.php\/wp-json\/wp\/v2\/types\/page"}],"author":[{"embeddable":true,"href":"https:\/\/xuyennguyencomputer.com\/index.php\/wp-json\/wp\/v2\/users\/1"}],"replies":[{"embeddable":true,"href":"https:\/\/xuyennguyencomputer.com\/index.php\/wp-json\/wp\/v2\/comments?post=1885"}],"version-history":[{"count":7,"href":"https:\/\/xuyennguyencomputer.com\/index.php\/wp-json\/wp\/v2\/pages\/1885\/revisions"}],"predecessor-version":[{"id":2591,"href":"https:\/\/xuyennguyencomputer.com\/index.php\/wp-json\/wp\/v2\/pages\/1885\/revisions\/2591"}],"wp:attachment":[{"href":"https:\/\/xuyennguyencomputer.com\/index.php\/wp-json\/wp\/v2\/media?parent=1885"}],"curies":[{"name":"wp","href":"https:\/\/api.w.org\/{rel}","templated":true}]}}