{"id":195,"date":"2021-06-02T03:40:06","date_gmt":"2021-06-02T03:40:06","guid":{"rendered":"http:\/\/xuyennguyencomputer.com\/?page_id=195"},"modified":"2021-09-26T12:28:49","modified_gmt":"2021-09-26T12:28:49","slug":"bypass-icloud-iphone-service-at-home-at-tam-quan-nam-hoi-nhon-binh-dinh","status":"publish","type":"page","link":"https:\/\/xuyennguyencomputer.com\/index.php\/bypass-icloud-iphone-service-at-home-at-tam-quan-nam-hoi-nhon-binh-dinh\/","title":{"rendered":"BYPASS ICLOUD IPHONE t\u1ea1i Tam Quan Nam, Tam Quan, Ho\u00e0i H\u01b0\u01a1ng, Ho\u00e0i Thanh, Ho\u00e0i Nh\u01a1n, B\u00ecnh \u0110\u1ecbnh"},"content":{"rendered":"<p>Hits: 4<\/p>\n\n\n<figure class=\"wp-block-image size-large\"><img loading=\"lazy\" decoding=\"async\" width=\"980\" height=\"342\" src=\"http:\/\/xuyennguyencomputer.com\/wp-content\/uploads\/2021\/05\/cropped-Banner-Iphone.jpg\" alt=\"\" class=\"wp-image-6\" srcset=\"https:\/\/xuyennguyencomputer.com\/wp-content\/uploads\/2021\/05\/cropped-Banner-Iphone.jpg 980w, https:\/\/xuyennguyencomputer.com\/wp-content\/uploads\/2021\/05\/cropped-Banner-Iphone-300x105.jpg 300w, https:\/\/xuyennguyencomputer.com\/wp-content\/uploads\/2021\/05\/cropped-Banner-Iphone-768x268.jpg 768w\" sizes=\"auto, (max-width: 980px) 100vw, 980px\" \/><\/figure>\n\n\n\n<p class=\"has-text-align-center has-text-color has-medium-font-size\" style=\"color:#1714e4\"><strong>Li\u00ean h\u1ec7: 0969.478.240 g\u1eb7p Mr: Xuy\u00ean<br>D\u1ecbch v\u1ee5 b\u1ebb kh\u00f3a icloud iphone &#8211; Chuy\u00ean m\u1edf kh\u00f3a icloud iphone t\u1ea1i quy nh\u01a1n<br>Chuy\u00ean nghi\u1ec7p &#8211; Nhanh ch\u00f3ng &#8211; Gi\u00e1 r\u1ebb Sau 15 ph\u00fat nh\u1eadn m\u00e1y, Qu\u00fd kh\u00e1ch vui l\u00f2ng \u0111\u1ebfn c\u1eeda h\u00e0ng Xuy\u00ean Nguy\u1ec5n FT \u0111\u1ec3 m\u1edf kh\u00f3a v\u00e0 ch\u1ea1y ch\u01b0\u01a1ng tr\u00ecnh<\/strong><\/p>\n\n\n\n\n\n<pre id=\"tw-target-text\" class=\"wp-block-preformatted has-medium-font-size\"><strong>BYPASS ICLOUD IPHONE T\u1ea0I TH\u0102M NAM, H\u1ed8I NH\u01a0N, B\u00ccNH \u0110\u1ecaNH\nM\u00c1Y T\u00cdNH XUY\u00caN NGUY\u1ec4N Hotline - Zalo: 0969478240 - Tam Quan Nam<\/strong><\/pre>\n\n\n\n<p> <\/p>\n\n\n\n<p>Website: <a href=\"http:\/\/xuyennguyenft.online\/\">http:\/\/xuyennguyenft.online\/<\/a><\/p>\n\n\n\n<p class=\"has-vivid-red-color has-text-color\" style=\"font-size:25px\"><strong>Li\u00ean h\u1ec7: 0969.478.240 g\u1eb7p Mr: Xuy\u00ean<\/strong><\/p>\n\n\n\n\n\n<ul class=\"wp-block-list\"><li>iPhone c\u1ee7a b\u1ea1n b\u1ecb v\u00f4 hi\u1ec7u h\u00f3a do nh\u1eadp sai m\u1eadt kh\u1ea9u qu\u00e1 nhi\u1ec1u l\u1ea7n.<br>B\u1ea1n qu\u00ean m\u1eadt kh\u1ea9u icloud tr\u00ean iphone c\u1ee7a m\u00ecnh.<\/li><li>B\u1ea1n qu\u00ean m\u1eadt kh\u1ea9u m\u00e0n h\u00ecnh.<\/li><\/ul>\n\n\n\n<p>\u0110\u01b0\u1ee3c ng\u01b0\u1eddi th\u00e2n cho m\u00e1y nh\u01b0ng kh\u00f4ng nh\u1edb m\u1eadt kh\u1ea9u.<br>Ch\u00fang t\u00f4i ch\u1ea5p nh\u1eadn m\u1edf kh\u00f3a m\u1eadt kh\u1ea9u.<\/p>\n\n\n\n<p>LI\u00caN H\u1ec6 V\u1edaI CH\u00daNG T\u00d4I THEO D\u00d5I VIDEO H\u01af\u1edaNG D\u1eaaN T\u1ea0I NH\u00c0<\/p>\n\n\n\n<p>XUY\u00caN NGUY\u1ec4N COMPUTER Hotline \u2013 Zalo: 0969478240 \u2013 Tam Quan Nam <\/p>\n\n\n\n<p>Website: <a href=\"http:\/\/xuyennguyenft.com\/\">http:\/\/xuyennguyenft.com\/<\/a><\/p>\n","protected":false},"excerpt":{"rendered":"<p>Hits: 4 Li\u00ean h\u1ec7: 0969.478.240 g\u1eb7p Mr: Xuy\u00eanD\u1ecbch v\u1ee5 b\u1ebb kh\u00f3a icloud iphone &#8211; Chuy\u00ean m\u1edf kh\u00f3a icloud iphone t\u1ea1i [&hellip;]<\/p>\n","protected":false},"author":1,"featured_media":0,"parent":0,"menu_order":0,"comment_status":"closed","ping_status":"closed","template":"","meta":{"_monsterinsights_skip_tracking":false,"_monsterinsights_sitenote_active":false,"_monsterinsights_sitenote_note":"","_monsterinsights_sitenote_category":0,"footnotes":""},"class_list":["post-195","page","type-page","status-publish","hentry"],"_links":{"self":[{"href":"https:\/\/xuyennguyencomputer.com\/index.php\/wp-json\/wp\/v2\/pages\/195","targetHints":{"allow":["GET"]}}],"collection":[{"href":"https:\/\/xuyennguyencomputer.com\/index.php\/wp-json\/wp\/v2\/pages"}],"about":[{"href":"https:\/\/xuyennguyencomputer.com\/index.php\/wp-json\/wp\/v2\/types\/page"}],"author":[{"embeddable":true,"href":"https:\/\/xuyennguyencomputer.com\/index.php\/wp-json\/wp\/v2\/users\/1"}],"replies":[{"embeddable":true,"href":"https:\/\/xuyennguyencomputer.com\/index.php\/wp-json\/wp\/v2\/comments?post=195"}],"version-history":[{"count":6,"href":"https:\/\/xuyennguyencomputer.com\/index.php\/wp-json\/wp\/v2\/pages\/195\/revisions"}],"predecessor-version":[{"id":805,"href":"https:\/\/xuyennguyencomputer.com\/index.php\/wp-json\/wp\/v2\/pages\/195\/revisions\/805"}],"wp:attachment":[{"href":"https:\/\/xuyennguyencomputer.com\/index.php\/wp-json\/wp\/v2\/media?parent=195"}],"curies":[{"name":"wp","href":"https:\/\/api.w.org\/{rel}","templated":true}]}}