{"id":269,"date":"2021-07-06T12:36:26","date_gmt":"2021-07-06T12:36:26","guid":{"rendered":"http:\/\/xuyennguyencomputer.com\/?page_id=269"},"modified":"2021-09-26T12:33:34","modified_gmt":"2021-09-26T12:33:34","slug":"dich-vu-sac-muc-may-in-sua-may-in-tan-nha-tai-tam-quan-nam-hoai-nhon","status":"publish","type":"page","link":"https:\/\/xuyennguyencomputer.com\/index.php\/dich-vu-sac-muc-may-in-sua-may-in-tan-nha-tai-tam-quan-nam-hoai-nhon\/","title":{"rendered":"D\u1ecbch v\u1ee5 S\u1ea0C M\u1ef0C M\u00c1Y IN, t\u1eadn nh\u00e0 t\u1ea1i Tam Quan Nam, Tam Quan, Ho\u00e0i H\u01b0\u01a1ng, Ho\u00e0i Thanh, Ho\u00e0i Nh\u01a1n, B\u00ecnh \u0110\u1ecbnh"},"content":{"rendered":"<p>Hits: 270<\/p>\n<p class=\"has-text-align-center has-vivid-red-color has-text-color\" style=\"font-size:19px\"><strong>D\u1ecbch v\u1ee5\u00a0 thay m\u1ef1c t\u1eadn n\u01a1i t\u1ea1i Ho\u00e0i Nh\u01a1n \u00a0chuy\u00ean nghi\u1ec7p, nhanh ch\u00f3ng s\u1eeda m\u00e1y in t\u1ea1i nh\u00e0 gi\u00e1 r\u1ebb, s\u1eeda m\u00e1y t\u00ednh uy t\u00edn,\u00a0 <a href=\"http:\/\/xuyennguyenft.online\/\">n\u1ea1p m\u1ef1c m\u00e1y in<\/a>\u00a0 c\u00e1c lo\u1ea1i: Hp &#8211; canon &#8211; samsung &#8211; brother &#8211; ricoh &#8230;<\/strong><\/p>\n\n\n\n\n<div>\n<table cellspacing=\"0\">\n<tbody>\n<tr>\n<td>\n<div dir=\"ltr\">\n<p><strong><span style=\"font-size: x-large;\"><span style=\"vertical-align: inherit;\">D\u1ecaCH V\u1ee4 XUY\u00caN NGUY\u1ec4N FT <\/span><\/span><\/strong><\/p>\n<h2><a name=\"TOC-B-M-M-C-M-Y-IN-T-I-QUY-NH-N\"><\/a><b><span style=\"vertical-align: inherit;\">B\u01a0M M\u1ef0C M\u00c1Y IN T\u1ea0I TAM QUAN NAM, TAM QUAN, HO\u00c0I THANH, HO\u00c0I H\u01af\u01a0NG<\/span><\/b><\/h2>\n<h3><strong>&#8211; N\u1ea1p m\u1ef1c m\u00e1y in t\u1eadn nh\u00e0.<\/strong><\/h3>\n<h3>&#8211; B\u01a1m M\u1ef1c M\u00e1y in.<\/h3>\n<h3>&#8211; S\u1eefa M\u00e1y In khi g\u1eb7p c\u00e1c s\u1ef1 c\u1ed1 kh\u00f4ng s\u1eed d\u1ee5ng \u0111\u01b0\u1ee3c h\u00e3y li\u00ean<em> h\u1ec7 ngay 096947824<\/em><\/h3>\n<p><strong>\u00a0<\/strong><\/p>\n<p><b><span style=\"color: #ff0000;\"><span style=\"font-size: large;\"><span style=\"vertical-align: inherit;\">\u00a0Hotline: 0969478240 &#8211; 0828844312<\/span><\/span><\/span><\/b><\/p>\n<p><span style=\"vertical-align: inherit;\">\u2705 <span style=\"color: #ff6600; font-size: x-large;\"><b>Load<\/b><\/span> Machine\u00a0 <\/span><span style=\"color: #ff6600; font-size: x-large;\"><b><span style=\"vertical-align: inherit;\">In Tam Quan, Ho\u00e0i Nh\u01a1n<\/span><\/b><\/span><\/p>\n<p><span style=\"vertical-align: inherit;\">UY T\u00cdN &#8211; CHUY\u00caN NGHI\u1ec6P &#8211; GI\u00c1 L\u1eba<\/span><\/p>\n<p><strong><span style=\"vertical-align: inherit;\">\u00a0\u23f0 20 &#8216;T\u1edbi t\u1eadn n\u01a1i<\/span><\/strong><\/p>\n<p><strong><span style=\"font-size: large;\"><a href=\"http:\/\/www.tinhocht.com\/sua-may-in-tai-hcm\"><span style=\"color: #38761d;\"><span style=\"vertical-align: inherit;\">Edit Machine In<\/span><\/span><\/a><span style=\"color: #008000;\"><span style=\"vertical-align: inherit;\"> \u00a0|\u00a0<\/span><\/span><a href=\"http:\/\/www.tinhocht.com\/\"><span style=\"color: #38761d;\"><span style=\"vertical-align: inherit;\">Load Machine In<\/span><\/span><\/a><span style=\"color: #008000;\">\u00a0<\/span><\/span><\/strong><\/p>\n<p><strong>\u00a0<\/strong><\/p>\n<p>\u00a0<\/p>\n<p><strong><span style=\"vertical-align: inherit;\">\u00a0Hotline <\/span><\/strong><i><strong><span style=\"vertical-align: inherit;\">:\u00a0 <\/span><\/strong><\/i><strong><span style=\"color: #ff00ff;\"><span style=\"vertical-align: inherit;\">0969478240<\/span><br \/><\/span><\/strong><\/p>\n<p><strong><span style=\"color: #ff00ff;\">\u00a0 \u00a0 \u00a0 \u00a0 \u00a0 \u00a0 \u00a0\u00a0<\/span><\/strong><\/p>\n<hr \/><\/div>\n<\/td>\n<\/tr>\n<\/tbody>\n<\/table>\n<div>\n<div>\u00a0<\/div>\n<\/div>\n<div>\n<h2><a name=\"TOC-B-M-M-C-M-Y-IN-T-I-QUY-NH-N\"><\/a><b><span style=\"vertical-align: inherit;\">B\u01a0M C\u1ef0C T\u1ea0I HO\u00c0I NH\u01a0N<\/span><\/b><\/h2>\n<div><b>\u00a0<\/b><\/div>\n<\/div>\n<\/div>\n<h3><a name=\"TOC-1.-N-p-m-c-m-y-in-B-nh-nh-Gi-R-\"><\/a><span style=\"vertical-align: inherit;\">1. N\u1ea1p m\u1ef1c in B\u00ecnh \u0110\u1ecbnh Gi\u00e1 R\u1ebb<\/span><\/h3>\n<div>\n<ul>\n<li><span style=\"color: #000000; font-family: verdana, sans-serif; font-size: medium;\"><span style=\"vertical-align: inherit;\">M\u00e1y in laser tr\u1eafng \u0111en: Hp &#8211; Canon &#8211; Samsung &#8211; Brother &#8211; Panasonic &#8230;<\/span><\/span><\/li>\n<li><span style=\"color: #000000; font-family: verdana, sans-serif; font-size: medium;\"><a href=\"http:\/\/xuyennguyenft.online\/\"><span style=\"vertical-align: inherit;\">Thay m\u1ef1c m\u00e1y in m\u00e0u: HP CP 1025, Hp M176, HpM177<\/span><\/a><span style=\"vertical-align: inherit;\"> , Epson ..<\/span><\/span><\/li>\n<li><span style=\"color: #000000; font-family: verdana, sans-serif; font-size: medium;\"><span style=\"vertical-align: inherit;\">Thay m\u00e1y t\u00ednh trong epson h\u00f3a \u0111\u01a1n: LQ 300, LQ 310, LQ 2190 &#8230;<\/span><\/span><\/li>\n<li><span style=\"color: #000000; font-family: verdana, sans-serif; font-size: medium;\"><span style=\"vertical-align: inherit;\">M\u00e1y in phun m\u00e0u: Epson, Hp, Canon, Brother<\/span><\/span><\/li>\n<li><span style=\"color: #000000; font-family: verdana, sans-serif; font-size: medium;\"><span style=\"vertical-align: inherit;\">N\u1ea1p m\u00e1y t\u00ednh trong Hp m 102a \/ w, Hp m130a \/ n \/ w, m\u1ef1c 17a, 30a &#8230;<\/span><\/span><\/li>\n<li><span style=\"color: #000000; font-family: verdana, sans-serif; font-size: medium;\"><span style=\"vertical-align: inherit;\">Edit the root m\u00e1y in nhanh ch\u1ed1ng<\/span><\/span><\/li>\n<li><span style=\"color: #000000; font-family: verdana, sans-serif; font-size: medium;\"><span style=\"vertical-align: inherit;\">Install windown v\u00e0 c\u00e1c \u1ee9ng d\u1ee5ng, s\u1eeda m\u00e1y t\u00ednh Uy t\u00edn.<\/span><\/span><\/li>\n<li><span style=\"color: #000000; font-family: verdana, sans-serif; font-size: medium;\"><span style=\"vertical-align: inherit;\">Cung c\u1ea5p &#8211; l\u1eafp r\u00e1p m\u00e1y t\u00ednh v\u00e0o trong, s\u1eeda l\u1ed7i lapop chuy\u00ean nghi\u1ec7p<\/span><\/span><\/li>\n<li><span style=\"color: #000000; font-family: verdana, sans-serif; font-size: medium;\"><span style=\"vertical-align: inherit;\">Set the system network lan, \u0111\u00e0i t\u1ed5ng \u0111\u00e0i, camera quan s\u00e1t.<\/span><\/span><\/li>\n<\/ul>\n<h3><a name=\"TOC-2.-B-m-m-c-m-y-in-Quy-Nh-n-:-Uy-T-n-Nh-t\"><\/a><span style=\"vertical-align: inherit;\">2. Tablet in \u1edf Ho\u00e0i Nh\u01a1n: Uy T\u00edn Nh\u1ea5t<\/span><\/h3>\n<\/div>\n<div>\n<ul>\n<li><span style=\"color: #000000; font-family: verdana, sans-serif; font-size: medium;\"><span style=\"vertical-align: inherit;\">Ph\u1ee5c v\u1ee5 t\u1eadn n\u01a1i &#8211; nhi\u1ec7t t\u00ecnh &#8211;\u00a0 <\/span><\/span><span style=\"color: #0000ff; font-family: verdana, sans-serif; font-size: medium;\"><span style=\"vertical-align: inherit;\">chuy\u00ean nghi\u1ec7p nh\u1ea5t t\u1ea1i Tam Quan, Ho\u00e0i Nh\u01a1n<\/span><\/span><\/li>\n<li><span style=\"color: #000000; font-family: verdana, sans-serif; font-size: medium;\"><span style=\"vertical-align: inherit;\">S\u1eeda ch\u1eefa, m\u1ef1c in t\u1ea1i nh\u00e0 gi\u00e1 r\u1ebb &#8211;\u00a0 <\/span><\/span><span style=\"color: #0000ff; font-family: verdana, sans-serif; font-size: medium;\"><span style=\"vertical-align: inherit;\">ti\u1ebft ki\u1ec7m chi ph\u00ed<\/span><\/span><\/li>\n<li><span style=\"color: #000000; font-family: verdana, sans-serif; font-size: medium;\"><span style=\"vertical-align: inherit;\">H\u1ed7 tr\u1ee3\u00a0 <\/span><\/span><span style=\"color: #0000ff; font-family: verdana, sans-serif; font-size: medium;\"><span style=\"vertical-align: inherit;\">Mi\u1ec5n Ph\u00ed <\/span><\/span><span style=\"color: #000000; font-family: verdana, sans-serif; font-size: medium;\"><span style=\"vertical-align: inherit;\">\u00a024\/7 qua \u0111i\u1ec7n tho\u1ea1i, Teamviewer.<\/span><\/span><\/li>\n<li><span style=\"color: #000000; font-family: verdana, sans-serif; font-size: medium;\"><span style=\"vertical-align: inherit;\">H\u1ed7 tr\u1ee3 cu\u1ed1i th\u00e1ng c\u1ee7a C\u00f4ng ty v\u1edbi c\u00e1c c\u00f4ng ty, Doanh nghi\u1ec7p khi c\u00f3 nhu c\u1ea7u<\/span><\/span><\/li>\n<li><span style=\"color: #000000; font-family: verdana, sans-serif; font-size: medium;\"><span style=\"vertical-align: inherit;\">K\u1ef9 thu\u1eadt tay ngh\u1ec1 cao, nhi\u1ec1u n\u0103m kinh nghi\u1ec7m.<\/span><\/span><\/li>\n<li><span style=\"color: #000000; font-family: verdana, sans-serif; font-size: medium;\"><span style=\"vertical-align: inherit;\">H\u1eadu m\u00e3i ch\u1ebf \u0111\u1ed9, b\u1ea3o h\u00e0nh Uy T\u00edn Nh\u1ea5t.<\/span><\/span><\/li>\n<li><span style=\"color: #000000; font-family: verdana, sans-serif; font-size: medium;\"><span style=\"vertical-align: inherit;\">Lu\u00f4n ch\u1ecbu tr\u00e1ch nhi\u1ec7m cao nh\u1ea5t v\u1edbi s\u1ef1 c\u1ed1 g\u1eafng ngo\u00e0i \u00fd mu\u1ed1n.<\/span><\/span><\/li>\n<\/ul>\n<h2><span style=\"color: #0000ff;\"><span style=\"vertical-align: inherit;\">3.\u00a0 <\/span><\/span><a href=\"http:\/\/www.tinhocht.com\/bang-gia-nap-muc-may-in-tan-noi\"><span style=\"color: #0000ff;\"><span style=\"vertical-align: inherit;\">M\u1ef1c n\u1ea1p b\u1ea3ng<\/span><\/span><\/a><span style=\"color: #0000ff;\"><span style=\"vertical-align: inherit;\"> t\u1ea1i Ho\u00e0i Nh\u01a1n &#8211; B\u00ecnh \u0110\u1ecbnh.<\/span><\/span><\/h2>\n<p>\u00a0<\/p>\n<div>\u00a0<\/div>\n<div>\n<div>\n<div>\n<div>\n<div>\n<table style=\"width: 100%; height: 4048px;\" border=\"1\" cellspacing=\"1\" cellpadding=\"5\">\n<tbody>\n<tr style=\"height: 149px;\">\n<td style=\"height: 149px;\" colspan=\"2\">\n<h2><a name=\"TOC-B-M-M-C-M-Y-IN-T-I-QUY-NH-N-HP---CANON\"><\/a><b><span style=\"color: #ffffff;\"><span style=\"vertical-align: inherit;\">B\u01a0M C\u1ef0C\u00a0 <\/span><\/span><span style=\"vertical-align: inherit;\"><span style=\"color: #ffffff;\">T\u1ea0I QUY NH\u01a0N HP &#8211; CANON<\/span><\/span><span style=\"color: #ff00ff;\">\u00a0<\/span><\/b><\/h2>\n<\/td>\n<\/tr>\n<tr style=\"height: 152px;\">\n<td style=\"height: 152px;\">\n<p><b><span style=\"vertical-align: inherit;\">N\u1ea1p n\u1ea1p trong 12A: m\u00e1y HP Laser jet 1010 &#8211; 1012 &#8211; 1015 &#8211; 1018 &#8211; 1020 &#8211; 1022 &#8211; 1022N &#8211; 1022NW &#8211; 3015 &#8211; 3030 &#8211; 3050 &#8211; 3052 &#8211; 305 CANON 2900 &#8211; 3000<\/span><\/b><\/p>\n<\/td>\n<td style=\"height: 152px;\">\n<p><b><span style=\"vertical-align: inherit;\">80.000 \u0111<\/span><\/b><\/p>\n<\/td>\n<\/tr>\n<tr style=\"height: 96px;\">\n<td style=\"height: 96px;\">\n<p><b><span style=\"vertical-align: inherit;\">N\u1ea1p ti\u1ec1n\u00a0 <\/span><\/b><b><span style=\"vertical-align: inherit;\">trong 13A: m\u00e1y HP Laser jet 1300 -1150<\/span><\/b><\/p>\n<\/td>\n<td style=\"height: 96px;\">\n<p><b><span style=\"vertical-align: inherit;\">80.000 \u0111<\/span><\/b><\/p>\n<\/td>\n<\/tr>\n<tr style=\"height: 152px;\">\n<td style=\"height: 152px;\">\n<p><b><span style=\"vertical-align: inherit;\">N\u1ea1p ngu\u1ed3n\u00a0 <\/span><\/b><b><span style=\"vertical-align: inherit;\">trong 15A: m\u00e1y HP Laser jet 1000 &#8211; 1005 &#8211; 1200 series &#8211; 1220 series &#8211; 3300 series &#8211; 3320 MFP 3330 &#8211; MFP3380 Canon LBP 1210 (EP 25)<\/span><\/b><\/p>\n<\/td>\n<td style=\"height: 152px;\">\n<p><b><span style=\"vertical-align: inherit;\">80.000 \u0111<\/span><\/b><\/p>\n<\/td>\n<\/tr>\n<tr style=\"height: 96px;\">\n<td style=\"height: 96px;\">\n<p><b><span style=\"vertical-align: inherit;\">N\u1ea1p ti\u1ec1n\u00a0 <\/span><\/b><b><span style=\"vertical-align: inherit;\">trong 24A: m\u00e1y HP Laser jet 1150 &#8211; 1300<\/span><\/b><\/p>\n<\/td>\n<td style=\"height: 96px;\">\n<p><b><span style=\"vertical-align: inherit;\">80.000 \u0111<\/span><\/b><\/p>\n<\/td>\n<\/tr>\n<tr style=\"height: 124px;\">\n<td style=\"height: 124px;\">\n<p><b><span style=\"vertical-align: inherit;\">N\u1ea1p\u00a0 <\/span><\/b><b><span style=\"vertical-align: inherit;\">n\u1ea1p trong 49A: m\u00e1y HP Laser jet 1160 &#8211; 1320 &#8211; M\u00e1y \u0111a n\u0103ng HP3390 CANON LBP 3300Series &#8211; 3390 &#8211; 3392<\/span><\/b><\/p>\n<\/td>\n<td style=\"height: 124px;\">\n<p><b><span style=\"vertical-align: inherit;\">80.000 \u0111<\/span><\/b><\/p>\n<\/td>\n<\/tr>\n<tr style=\"height: 152px;\">\n<td style=\"height: 152px;\">\n<p><b><span style=\"vertical-align: inherit;\">N\u1ea1p ngu\u1ed3n\u00a0 <\/span><\/b><b><span style=\"vertical-align: inherit;\">trong 53A: m\u00e1y HP Laser jet P2010 &#8211; 2014 &#8211; 2015 &#8211; 2015d &#8211; 2015m &#8211; P3000Seiten &#8211; LASERJET P2015 DN &#8211; P2015N &#8211; P2015X Canon: 3310 &#8211; 3370 (EP 315)<\/span><\/b><\/p>\n<\/td>\n<td style=\"height: 152px;\">\n<p><b><span style=\"vertical-align: inherit;\">80.000 \u0111<\/span><\/b><\/p>\n<\/td>\n<\/tr>\n<tr style=\"height: 180px;\">\n<td style=\"height: 180px;\">\n<p><b><span style=\"vertical-align: inherit;\">N\u1ea1p\u00a0 <\/span><\/b><b><span style=\"vertical-align: inherit;\">n\u1ea1p v\u00e0o 92A: m\u00e1y HP Laser jet 1100 &#8211; 3200 &#8211; 1100A &#8211; 1100A SE &#8211; 1100A Xi &#8211; 3200<\/span><\/b><\/p>\n<p><b><span style=\"vertical-align: inherit;\">Canon LBP 800 &#8211; 1120 (EP 22)<\/span><\/b><\/p>\n<\/td>\n<td style=\"height: 180px;\">\n<p><b><span style=\"vertical-align: inherit;\">80.000 \u0111<\/span><\/b><\/p>\n<\/td>\n<\/tr>\n<tr style=\"height: 152px;\">\n<td style=\"height: 152px;\">\n<p><b><span style=\"vertical-align: inherit;\">N\u1ea1p\u00a0 <\/span><\/b><b><span style=\"vertical-align: inherit;\">n\u1ea1p trong 05A: m\u00e1y HP Laser jet P2030 &#8211; 2035 &#8211; 2035n &#8211; 2050 &#8211; 2055 &#8211; 2055d &#8211; P2055dn &#8211; 2055x &#8211; Canon LBP 6300 &#8211; 6650 &#8211; MF5840dn &#8211; MF5870dn &#8211; MF5880dn (EP 319)<\/span><\/b><\/p>\n<\/td>\n<td style=\"height: 152px;\">\n<p><b><span style=\"vertical-align: inherit;\">80.000 \u0111<\/span><\/b><\/p>\n<\/td>\n<\/tr>\n<tr style=\"height: 124px;\">\n<td style=\"height: 124px;\">\n<p><b><a href=\"http:\/\/xuyennguyenft.online\/\"><span style=\"color: #0000ff;\"><span style=\"vertical-align: inherit;\">N\u1ea1p m\u1ef1c t\u1ea1i tam quan<\/span><\/span><\/a><span style=\"color: #0000ff;\"><span style=\"vertical-align: inherit;\">\u00a0 11A: <\/span><\/span><span style=\"color: #000000;\"><span style=\"vertical-align: inherit;\">\u00a0m\u00e1y HP Laser jet 2410 &#8211; 2420 &#8211; 2430 &#8211; 2420d &#8211; 2420n &#8211; 2420dn &#8211; 2430 &#8211; 2430n &#8211; 2430tn &#8211; 2430dtn<\/span><\/span><\/b><\/p>\n<\/td>\n<td style=\"height: 124px;\">\n<p><b><span style=\"vertical-align: inherit;\">150.000\u0111<\/span><\/b><\/p>\n<\/td>\n<\/tr>\n<tr style=\"height: 180px;\">\n<td style=\"height: 180px;\">\n<p><b><span style=\"vertical-align: inherit;\">N\u1ea1p ti\u1ec1n\u00a0 <\/span><\/b><b><span style=\"vertical-align: inherit;\">trong 16A: m\u00e1y in A3 HP 5200L &#8211; HP LaserJet 5200 \/ n \/ tn \/ dtn<\/span><\/b><\/p>\n<p><b><span style=\"vertical-align: inherit;\">Canon LBP 3500 (16A)<\/span><\/b><\/p>\n<\/td>\n<td style=\"height: 180px;\">\n<p><b><span style=\"vertical-align: inherit;\">240.000\u0111<\/span><\/b><\/p>\n<\/td>\n<\/tr>\n<tr style=\"height: 124px;\">\n<td style=\"height: 124px;\">\n<p><b><span style=\"vertical-align: inherit;\">N\u1ea1p\u00a0 <\/span><\/b><b><span style=\"vertical-align: inherit;\">n\u1ea1p trong 35A: m\u00e1y HP P1005 &#8211; P1006 &#8211; P1505 &#8211; P1505n CANON LBP 3100 &#8211; 3108 &#8211; 3115 &#8211; 3050<\/span><\/b><\/p>\n<\/td>\n<td style=\"height: 124px;\">\n<p><b><span style=\"vertical-align: inherit;\">90.000\u0111<\/span><\/b><\/p>\n<\/td>\n<\/tr>\n<tr style=\"height: 180px;\">\n<td style=\"height: 180px;\">\n<p><b><span style=\"vertical-align: inherit;\">In 36A: M\u00e1y in HP Laser jet P1505 &#8211; P1505n &#8211; M1120 &#8211; M1120n &#8211; M1522nf &#8211; M1522n &#8211; Canon LBP 3250 (EP 313) Canon LBP 4550 &#8211; 4580DN &#8211; MF4570DN &#8211; 4550D &#8211; 4452 &#8211; 4450 &#8211; MF4420N &#8211; 4412 &#8211; 4410 &#8211; D520 EP 328<\/span><\/b><\/p>\n<\/td>\n<td style=\"height: 180px;\">\n<p><b><span style=\"vertical-align: inherit;\">90.000\u0111<\/span><\/b><\/p>\n<\/td>\n<\/tr>\n<tr style=\"height: 124px;\">\n<td style=\"height: 124px;\">\n<p><b><span style=\"vertical-align: inherit;\">N\u1ea1p ngu\u1ed3n\u00a0 <\/span><\/b><b><span style=\"vertical-align: inherit;\">trong 85A: m\u00e1y HP Laser jet 1102 &#8211; P1120W- 1212nf &#8211; M1132<\/span><\/b><\/p>\n<\/td>\n<td style=\"height: 124px;\">\n<p><b><span style=\"vertical-align: inherit;\">90.000\u0111<\/span><\/b><\/p>\n<\/td>\n<\/tr>\n<tr style=\"height: 95px;\">\n<td style=\"height: 95px;\" colspan=\"2\">\n<h4><a name=\"TOC-M-C-N-P-M-Y-IN-SAMSUNG---XEROX\"><\/a><span style=\"color: #ffffff;\">\u00a0<a href=\"http:\/\/xuyennguyenft.online\/\"><span style=\"vertical-align: inherit;\">SAMSUNG N\u1ea0P TRONG GI\u00c1 R\u1eba<\/span><\/a>\u00a0<\/span><span style=\"vertical-align: inherit;\"> \u00a0&#8211; XEROX<\/span><span style=\"color: #ffffff;\"><span style=\"vertical-align: inherit;\"> \u00a0T\u1ea0I NH\u00c0<\/span><\/span><\/h4>\n<\/td>\n<\/tr>\n<tr style=\"height: 124px;\">\n<td style=\"height: 124px;\">\n<p><b><span style=\"vertical-align: inherit;\">N\u1ea1p th\u1ebb\u00a0 <\/span><\/b><b><span style=\"vertical-align: inherit;\">trong SAMSUNG: ML1210 &#8211; 1610 &#8211; 1640 &#8211; 2010 &#8211; 4521 &#8211; ML 4521F<\/span><\/b><\/p>\n<\/td>\n<td style=\"height: 124px;\">\n<p><b><span style=\"vertical-align: inherit;\">120.000\u0111<\/span><\/b><\/p>\n<\/td>\n<\/tr>\n<tr style=\"height: 124px;\">\n<td style=\"height: 124px;\">\n<p><b><span style=\"vertical-align: inherit;\">ML1510 &#8211; 1520 &#8211; 1710 &#8211; 1740 &#8211; 1750 &#8211; SF560 &#8211; 565P &#8211; 750 &#8211; 750P &#8211; 2250 &#8211; 2251 &#8211; 2252 &#8211; 2150 &#8211; 4200 &#8211; 4520 &#8211; 4720 &#8211; 1600<\/span><\/b><\/p>\n<\/td>\n<td style=\"height: 124px;\">\n<p><b><span style=\"vertical-align: inherit;\">120.000\u0111<\/span><\/b><\/p>\n<\/td>\n<\/tr>\n<tr style=\"height: 124px;\">\n<td style=\"height: 124px;\">\n<p><b><span style=\"vertical-align: inherit;\">SCX 4016 &#8211; 4216F &#8211; 4200 &#8211; 4200D3 &#8211; 4720D5 &#8211; ML2010D3 &#8211; ML2250D5 &#8211; DCX4520D5 &#8211; ML2010 &#8211; 2250 &#8211; SCX 4300<\/span><\/b><\/p>\n<\/td>\n<td style=\"height: 124px;\">\n<p><b><span style=\"vertical-align: inherit;\">120.000\u0111<\/span><\/b><\/p>\n<\/td>\n<\/tr>\n<tr style=\"height: 124px;\">\n<td style=\"height: 124px;\">\n<p><b><span style=\"vertical-align: inherit;\">N\u1ea1p\u00a0 <\/span><\/b><b><span style=\"vertical-align: inherit;\">n\u1ea1p trong XEROX: 3115 &#8211; 3121 &#8211; 3116 &#8211; 3120 &#8211; 3130 &#8211; XEROX 3117, DELL<\/span><\/b><\/p>\n<\/td>\n<td style=\"height: 124px;\">\n<p><b><span style=\"vertical-align: inherit;\">120.000\u0111<\/span><\/b><\/p>\n<\/td>\n<\/tr>\n<tr style=\"height: 124px;\">\n<td style=\"height: 124px;\">\n<p><b><span style=\"vertical-align: inherit;\">N\u1ea1p ti\u1ec1n\u00a0 <\/span><\/b><b><span style=\"vertical-align: inherit;\">trong XEROX: WORCENTER PE16SERIES, LEXMARK X215<\/span><\/b><\/p>\n<\/td>\n<td style=\"height: 124px;\">\n<p><b><span style=\"vertical-align: inherit;\">120.000\u0111<\/span><\/b><\/p>\n<\/td>\n<\/tr>\n<tr style=\"height: 96px;\">\n<td style=\"height: 96px;\">\n<p><b><span style=\"vertical-align: inherit;\">N\u1ea1p ti\u1ec1n\u00a0 <\/span><\/b><b><span style=\"vertical-align: inherit;\">trong XEROX: <\/span><\/b><b><span style=\"vertical-align: inherit;\">\u00a0203A &#8211; 204<\/span><\/b><\/p>\n<\/td>\n<td style=\"height: 96px;\">\n<p><b><span style=\"vertical-align: inherit;\">160.000\u0111<\/span><\/b><\/p>\n<\/td>\n<\/tr>\n<tr style=\"height: 96px;\">\n<td style=\"height: 96px;\" colspan=\"2\">\n<p><b><span style=\"vertical-align: inherit;\">N\u1ea1p m\u1ef1c trong PANASONIC \u1ede TP QUY NH\u01a0N<\/span><\/b><\/p>\n<\/td>\n<\/tr>\n<tr style=\"height: 152px;\">\n<td style=\"height: 152px;\">\n<p><b><a href=\"http:\/\/xuyennguyenft.online\/\"><span style=\"vertical-align: inherit;\">N\u1ea1p m\u00e1y Trong Gi\u00e1 R\u1ebb<\/span><\/a><span style=\"vertical-align: inherit;\"> \u00a0PANASONIC: KX-FLB 801 &#8211; 802 &#8211; 803 &#8211; 811 &#8211; 812 &#8211; 813 &#8211; 851 &#8211; 852 &#8211; 853 &#8211; 882 D\u00f2ng KX &#8211; FL 402 D\u00f2ng KX &#8211; MB 262 &#8211; 772 &#8230;<\/span><br \/><\/b><\/p>\n<\/td>\n<td style=\"height: 152px;\">\n<p><b><span style=\"vertical-align: inherit;\">150.000\u0111<\/span><\/b><\/p>\n<\/td>\n<\/tr>\n<tr style=\"height: 152px;\">\n<td style=\"height: 152px;\">\n<p><b><span style=\"vertical-align: inherit;\">N\u1ea1p\u00a0 <\/span><\/b><b><span style=\"vertical-align: inherit;\">n\u1ea1p Trong PANASONIC: KX-FL 501 &#8211; 502 &#8211; 503 &#8211; 511 &#8211; 512 &#8211; 513 &#8211; 542 &#8211; 612 &#8211; 652 &#8230; KX-FLM 551 &#8211; 552 &#8211; 553 &#8230;, KX-FLB 751 &#8211; 752 &#8211; 753 &#8211; 755 &#8211; 756 &#8211; 758 &#8230;<\/span><\/b><\/p>\n<\/td>\n<td style=\"height: 152px;\">\n<p><b><span style=\"vertical-align: inherit;\">150.000\u0111<\/span><\/b><\/p>\n<\/td>\n<\/tr>\n<tr style=\"height: 96px;\">\n<td style=\"height: 96px;\" colspan=\"2\">\n<p><b><a href=\"http:\/\/www.tinhocht.com\/\"><span style=\"color: #ffffff;\"><span style=\"vertical-align: inherit;\">N\u1ea0P \u1ede MI\u1ec0N NAM \u1ede<\/span><\/span><\/a><span style=\"color: #ffffff;\"><span style=\"vertical-align: inherit;\"> \u00a0B\u00ccNH \u0110\u1ecaNH<\/span><\/span><\/b><\/p>\n<\/td>\n<\/tr>\n<tr style=\"height: 124px;\">\n<td style=\"height: 124px;\">\n<p><b><span style=\"vertical-align: inherit;\">N\u1ea1p\u00a0 <\/span><\/b><b><span style=\"vertical-align: inherit;\">n\u1ea1p trong BROTHER: HL2030 &#8211; 2040 &#8211; 2070 &#8211; 2140 &#8211; 2150 &#8211; 2170 &#8211; 5240 &#8211; 5250 &#8211; 5280 Series &#8230;<\/span><\/b><\/p>\n<\/td>\n<td style=\"height: 124px;\">\n<p><b><span style=\"vertical-align: inherit;\">120.000\u0111<\/span><\/b><\/p>\n<\/td>\n<\/tr>\n<tr style=\"height: 124px;\">\n<td style=\"height: 124px;\">\n<p><b><span style=\"vertical-align: inherit;\">MFC 7210 &#8211; 7340 &#8211; 7420 &#8211; 7440 &#8211; 7820 &#8211; 7840 &#8211; 8460 &#8211; 8470 &#8211; 8660 &#8211; 8670 &#8211; 8860 &#8211; 8870<\/span><br \/><\/b><\/p>\n<\/td>\n<td style=\"height: 124px;\">\n<p><b><span style=\"vertical-align: inherit;\">120.000\u0111<\/span><\/b><\/p>\n<\/td>\n<\/tr>\n<tr style=\"height: 96px;\">\n<td style=\"height: 96px;\">\n<p><b><span style=\"vertical-align: inherit;\">D\u00f2ng DCP 8060 &#8211; 8065\u00a0<\/span><br \/><\/b><\/p>\n<\/td>\n<td style=\"height: 96px;\">\n<p><b><span style=\"vertical-align: inherit;\">120.000\u0111<\/span><\/b><\/p>\n<\/td>\n<\/tr>\n<tr style=\"height: 96px;\">\n<td style=\"height: 96px;\">\n<p><b><span style=\"vertical-align: inherit;\">D\u00f2ng FAX 2820 &#8211; 2920 &#8230;<\/span><\/b><\/p>\n<\/td>\n<td style=\"height: 96px;\">\n<p><b><span style=\"vertical-align: inherit;\">120.000\u0111<\/span><\/b><\/p>\n<\/td>\n<\/tr>\n<tr style=\"height: 96px;\">\n<td style=\"height: 96px;\" colspan=\"2\">\n<p><b><span style=\"vertical-align: inherit;\">B\u01a0M M\u1ef0C TRONG LEXMARK NHANH<\/span><\/b><\/p>\n<\/td>\n<\/tr>\n<tr style=\"height: 124px;\">\n<td style=\"height: 124px;\">\n<p><b><span style=\"vertical-align: inherit;\">N\u1ea1p\u00a0 <\/span><\/b><b><span style=\"vertical-align: inherit;\">n\u1ea1p Trong LEXMARK: E120N &#8211; 220 &#8211; 230 &#8211; 238 &#8211; 300 &#8211; 352 &#8211; 240 &#8211; 240N &#8211; 240T &#8211; 250D &#8211; 250DN &#8211; 320\u00a0 <\/span><\/b><b><span style=\"vertical-align: inherit;\">&#8211; X215 <\/span><\/b><b><span style=\"vertical-align: inherit;\">&#8230;<\/span><\/b><\/p>\n<\/td>\n<td style=\"height: 124px;\">\n<p><b><span style=\"vertical-align: inherit;\">120.000\u0111<\/span><\/b><\/p>\n<\/td>\n<\/tr>\n<tr style=\"height: 96px;\">\n<td style=\"height: 96px;\">\n<p><b><span style=\"vertical-align: inherit;\">E321 &#8211; 322 &#8211; 323 &#8211; 330 &#8211; 332 &#8211; 342 &#8211; 350D &#8211; 352DN &#8230;<\/span><\/b><\/p>\n<\/td>\n<td style=\"height: 96px;\">\n<p><b><span style=\"vertical-align: inherit;\">120.000\u0111<\/span><\/b><\/p>\n<\/td>\n<\/tr>\n<\/tbody>\n<\/table>\n<\/div>\n<\/div>\n<\/div>\n<\/div>\n<\/div>\n<\/div>\n\n\n<p class=\"has-vivid-red-color has-text-color\" style=\"font-size:26px\"><em>Khi m\u00e1y in c\u1ee7a b\u1ea1n  s\u1ef1 c\u1ed1 t\u1ea1i Ho\u00e0i Nh\u01a1n &#8211; B\u00ecnh \u0110\u1ecbnh vui l\u00f2ng li\u00ean h\u1ec7 <strong>(&nbsp;<\/strong><\/em><strong> 0969478240<\/strong><em><strong> )&nbsp;<\/strong> \u0111\u1ec3 \u0111\u01b0\u1ee3c t\u01b0 v\u1ea5n v\u00e0 h\u1ed7 tr\u1ee3 mi\u1ec5n ph\u00ed&nbsp;<\/em>.<\/p>\n\n\n\n\n\n<p><\/p>\n","protected":false},"excerpt":{"rendered":"<p>Hits: 270 D\u1ecbch v\u1ee5\u00a0 thay m\u1ef1c t\u1eadn n\u01a1i t\u1ea1i Ho\u00e0i Nh\u01a1n \u00a0chuy\u00ean nghi\u1ec7p, nhanh ch\u00f3ng s\u1eeda m\u00e1y in t\u1ea1i nh\u00e0 [&hellip;]<\/p>\n","protected":false},"author":1,"featured_media":0,"parent":0,"menu_order":0,"comment_status":"closed","ping_status":"closed","template":"","meta":{"_monsterinsights_skip_tracking":false,"_monsterinsights_sitenote_active":false,"_monsterinsights_sitenote_note":"","_monsterinsights_sitenote_category":0,"footnotes":""},"class_list":["post-269","page","type-page","status-publish","hentry"],"_links":{"self":[{"href":"https:\/\/xuyennguyencomputer.com\/index.php\/wp-json\/wp\/v2\/pages\/269","targetHints":{"allow":["GET"]}}],"collection":[{"href":"https:\/\/xuyennguyencomputer.com\/index.php\/wp-json\/wp\/v2\/pages"}],"about":[{"href":"https:\/\/xuyennguyencomputer.com\/index.php\/wp-json\/wp\/v2\/types\/page"}],"author":[{"embeddable":true,"href":"https:\/\/xuyennguyencomputer.com\/index.php\/wp-json\/wp\/v2\/users\/1"}],"replies":[{"embeddable":true,"href":"https:\/\/xuyennguyencomputer.com\/index.php\/wp-json\/wp\/v2\/comments?post=269"}],"version-history":[{"count":9,"href":"https:\/\/xuyennguyencomputer.com\/index.php\/wp-json\/wp\/v2\/pages\/269\/revisions"}],"predecessor-version":[{"id":810,"href":"https:\/\/xuyennguyencomputer.com\/index.php\/wp-json\/wp\/v2\/pages\/269\/revisions\/810"}],"wp:attachment":[{"href":"https:\/\/xuyennguyencomputer.com\/index.php\/wp-json\/wp\/v2\/media?parent=269"}],"curies":[{"name":"wp","href":"https:\/\/api.w.org\/{rel}","templated":true}]}}