{"id":48,"date":"2021-05-18T12:10:58","date_gmt":"2021-05-18T12:10:58","guid":{"rendered":"http:\/\/xuyennguyencomputer.com\/?page_id=48"},"modified":"2022-04-20T13:47:33","modified_gmt":"2022-04-20T13:47:33","slug":"lien-he-xuyen-nguyen-computer-bypass-icloud","status":"publish","type":"page","link":"https:\/\/xuyennguyencomputer.com\/index.php\/lien-he-xuyen-nguyen-computer-bypass-icloud\/","title":{"rendered":"Li\u00ean H\u1ec7 \u0111\u1ebfn Xuy\u00ean Nguy\u1ec5n FT BYPASS ICLOUD"},"content":{"rendered":"<p>Hits: 302<\/p>\n<div class=\"wp-block-image\"><figure class=\"aligncenter size-large is-resized\"><img loading=\"lazy\" decoding=\"async\" src=\"https:\/\/xuyennguyencomputer.com\/wp-content\/uploads\/2022\/04\/8da44af5-ea81-4e91-ad44-52c33672947e-795x1024.jpg\" alt=\"\" class=\"wp-image-1257\" width=\"735\" height=\"947\" srcset=\"https:\/\/xuyennguyencomputer.com\/wp-content\/uploads\/2022\/04\/8da44af5-ea81-4e91-ad44-52c33672947e-795x1024.jpg 795w, https:\/\/xuyennguyencomputer.com\/wp-content\/uploads\/2022\/04\/8da44af5-ea81-4e91-ad44-52c33672947e-233x300.jpg 233w, https:\/\/xuyennguyencomputer.com\/wp-content\/uploads\/2022\/04\/8da44af5-ea81-4e91-ad44-52c33672947e-768x989.jpg 768w, https:\/\/xuyennguyencomputer.com\/wp-content\/uploads\/2022\/04\/8da44af5-ea81-4e91-ad44-52c33672947e-1193x1536.jpg 1193w, https:\/\/xuyennguyencomputer.com\/wp-content\/uploads\/2022\/04\/8da44af5-ea81-4e91-ad44-52c33672947e-1590x2048.jpg 1590w, https:\/\/xuyennguyencomputer.com\/wp-content\/uploads\/2022\/04\/8da44af5-ea81-4e91-ad44-52c33672947e-50x65.jpg 50w, https:\/\/xuyennguyencomputer.com\/wp-content\/uploads\/2022\/04\/8da44af5-ea81-4e91-ad44-52c33672947e-155x200.jpg 155w, https:\/\/xuyennguyencomputer.com\/wp-content\/uploads\/2022\/04\/8da44af5-ea81-4e91-ad44-52c33672947e-66x85.jpg 66w, https:\/\/xuyennguyencomputer.com\/wp-content\/uploads\/2022\/04\/8da44af5-ea81-4e91-ad44-52c33672947e-97x125.jpg 97w, https:\/\/xuyennguyencomputer.com\/wp-content\/uploads\/2022\/04\/8da44af5-ea81-4e91-ad44-52c33672947e-70x90.jpg 70w, https:\/\/xuyennguyencomputer.com\/wp-content\/uploads\/2022\/04\/8da44af5-ea81-4e91-ad44-52c33672947e.jpg 1988w\" sizes=\"auto, (max-width: 735px) 100vw, 735px\" \/><\/figure><\/div>\n\n\n\n\n\n<p class=\"has-text-align-center has-vivid-red-color has-text-color\" style=\"font-size:22px\"><strong><strong>S\u1eecA M\u00c1Y T\u00cdNH &#8211; LAPTOP &#8211; M\u00c1Y IN T\u1eacN NH\u00c0  T\u1ea1i Tam Quan Nam, Tam Quan, Ho\u00e0i H\u01b0\u01a1ng, Ho\u00e0i Thanh, Ho\u00e0i Nh\u01a1n, B\u00ecnh \u0110\u1ecbnh<\/strong><\/strong><\/p>\n\n\n\n<div class=\"wp-block-image\"><figure class=\"aligncenter size-large is-resized\"><img loading=\"lazy\" decoding=\"async\" src=\"https:\/\/xuyennguyencomputer.com\/wp-content\/uploads\/2022\/04\/cdb7b541-9033-4499-a158-b2b252cadbf0-1024x768.jpg\" alt=\"\" class=\"wp-image-1258\" width=\"720\" height=\"540\" srcset=\"https:\/\/xuyennguyencomputer.com\/wp-content\/uploads\/2022\/04\/cdb7b541-9033-4499-a158-b2b252cadbf0-1024x768.jpg 1024w, https:\/\/xuyennguyencomputer.com\/wp-content\/uploads\/2022\/04\/cdb7b541-9033-4499-a158-b2b252cadbf0-300x225.jpg 300w, https:\/\/xuyennguyencomputer.com\/wp-content\/uploads\/2022\/04\/cdb7b541-9033-4499-a158-b2b252cadbf0-768x576.jpg 768w, https:\/\/xuyennguyencomputer.com\/wp-content\/uploads\/2022\/04\/cdb7b541-9033-4499-a158-b2b252cadbf0-1536x1152.jpg 1536w, https:\/\/xuyennguyencomputer.com\/wp-content\/uploads\/2022\/04\/cdb7b541-9033-4499-a158-b2b252cadbf0-65x49.jpg 65w, https:\/\/xuyennguyencomputer.com\/wp-content\/uploads\/2022\/04\/cdb7b541-9033-4499-a158-b2b252cadbf0-267x200.jpg 267w, https:\/\/xuyennguyencomputer.com\/wp-content\/uploads\/2022\/04\/cdb7b541-9033-4499-a158-b2b252cadbf0-85x64.jpg 85w, https:\/\/xuyennguyencomputer.com\/wp-content\/uploads\/2022\/04\/cdb7b541-9033-4499-a158-b2b252cadbf0-167x125.jpg 167w, https:\/\/xuyennguyencomputer.com\/wp-content\/uploads\/2022\/04\/cdb7b541-9033-4499-a158-b2b252cadbf0-90x68.jpg 90w, https:\/\/xuyennguyencomputer.com\/wp-content\/uploads\/2022\/04\/cdb7b541-9033-4499-a158-b2b252cadbf0.jpg 2048w\" sizes=\"auto, (max-width: 720px) 100vw, 720px\" \/><\/figure><\/div>\n\n\n\n\n\n<h5 class=\"has-text-align-center has-text-color wp-block-heading\" style=\"color:#1337e9;font-size:26px\"><strong><strong>XUY\u00caN NGUY\u1ec4N FT BYPASS ICLOUD<\/strong><\/strong><\/h5>\n\n\n<p><strong><span style=\"color: #ff0000;\">CH\u00daNG T\u00d4I C\u00d3 C\u00c1C M\u1ea0NG D\u1ecaCH V\u1ee4 SAU \u0110\u00c2Y:<\/span><\/strong><\/p>\n<ul style=\"list-style-type: circle;\">\n<li>\n<p><span style=\"color: #000000;\">\ud83d\udc49 M\u1ecdi ng\u01b0\u1eddi \u1edf Tam Quan, Ho\u00e0i Nh\u01a1n, B\u00ecnh \u0110\u1ecbnh ai c\u1ea7n bypass Iphone, Ipad th\u00ec qua em nh\u00e9:<\/span><\/p>\n<p><span style=\"color: #000000;\">\ud83d\udc49 Bypass ch\u1ec9 t\u1eaft ngu\u1ed3n &#8211; 100K<\/span><\/p>\n<p><span style=\"color: #000000;\">\ud83d\udc49 Bypass \u0111\u1ea7y \u0111\u1ee7 th\u00f4ng b\u00e1o, icloud, facetime &#8211; 150K<\/span><\/p>\n<p><span style=\"color: #000000;\">\ud83d\udc49 Bypass full nghe g\u1ecdi c\u00e1c d\u00f2ng m\u00e1y no MEID (t\u1eeb A10 &#8211; A11) &#8211; 280K<\/span><\/p>\n<p><span style=\"color: #000000;\">\ud83d\udc49 X\u00f3a icloud m\u00e1y v\u00f4 hi\u1ec7u h\u00f3a cho ios 13, 14 ho\u1eb7c m\u00e1y qu\u00ean ch\u1ec9 mk icloud &#8211; Gi\u00e1 ib.<\/span><\/p>\n<p><span style=\"color: #000000;\">\ud83d\udc49 Bypass bypass passcode full nghe g\u1ecdi &#8211; 150K.<\/span><\/p>\n<p><span style=\"color: #000000;\">\ud83d\udc49 Iphone: 5s, 6, 6 plus, 6s, 6s plus, 7, 7 plus, 8, 8 plus, X.<\/span><\/p>\n<p><span style=\"color: #000000;\">\ud83d\udc49 Ipad: Air 1, Air 2, Mini 2, Mini 3, Mini 4, gen 5 (A1822), Ipad pro 1st (12.9) gen 6, gen 7.<\/span><\/p>\n<p><span style=\"color: #000000;\">\ud83d\udc49 Anh \/ch\u1ecb n\u00e0o l\u00e0m t\u1eeb xa th\u00ec jaibreak m\u00e1y r\u1ed3i g\u1eedi Teamview\/Ultra View cho e nh\u00e9.<\/span><\/p>\n<p><span style=\"color: #000000;\">\u260e S\u1ed1 dt c\u1ee7a em: 0969478240<\/span><\/p>\n<p><span style=\"color: #000000;\">\ud83c\udfe0 T\u0103ng long 2, Tam Quan Nam, Ho\u00e0i Nh\u01a1n, B\u00ecnh \u0110\u1ecbnh<\/span><\/p>\n<\/li>\n<li><strong><span style=\"color: #0000ff;\">BYPASS ICLOUD IPHONE<\/span><\/strong><\/li>\n<li><span style=\"color: #000000;\">Iphone b\u1ecb d\u00ednh cloud kh\u00f4ng m\u1edf kh\u00f3a \u0111\u01b0\u1ee3c hi\u1ec7n \u1edf m\u00e0n h\u00ecnh hello.<\/span><\/li>\n<li><span style=\"color: #000000;\">Iphone nh\u1eb7c \u0111\u01b0\u1ee3c kh\u00f4ng m\u1edf kh\u00f3a \u0111\u01b0\u1ee3c.<\/span><\/li>\n<li><span style=\"color: #000000;\">Iphone x\u00e0i l\u00e2u ng\u00e0y qu\u00ean m\u1eadt kh\u1ea9u m\u00e0n h\u00ecnh, v\u00e0 t\u00e0i kho\u1ea3n icloud.<\/span><\/li>\n<li><span style=\"color: #000000;\">Iphone \u0111\u00e3 bypass nh\u1eefng v\u1eabn kh\u00f4ng c\u00f3 th\u00f4ng b\u00e1o, mesenger, face time&#8230;<\/span><\/li>\n<li><span style=\"color: #000000;\">Iphone bypass kh\u00f4ng c\u00f3 s\u00f3ng&#8230;..<\/span><\/li>\n<\/ul>\n<ul style=\"list-style-type: circle;\">\n<li>\n<h4><span style=\"color: #0000ff;\">M\u00c1Y T\u00cdNH<\/span><\/h4>\n<\/li>\n<li><strong>M\u00e1y t\u00ednh c\u1ee7a n\u1ea1n th\u01b0\u1eddng g\u1eb7p c\u00e1c s\u1ef1 c\u1ed1 sau<\/strong>.<\/li>\n<li>&#8211; M\u00e1y kh\u00f4ng l\u00ean ngu\u1ed3n.<\/li>\n<li>&#8211; S\u00e1ng \u0111\u00e8n nh\u01b0ng kh\u00f4ng ch\u1ea1y.<\/li>\n<li>&#8211; L\u1ed7i k\u00eau t\u00edt t\u00edt trong cpu.<\/li>\n<li>Ch\u1ea1y ch\u1eadm kh\u00f4ng load n\u1ed7i trang tr\u00ecnh duy\u1ec7t.<\/li>\n<li>B\u1ea1n mu\u1ed1n n\u00e2ng c\u1ea5p RAM, CPU, CARD m\u00e0n h\u00ecnh \u0111\u1ec3 ch\u01a1i game<\/li>\n<li>\n<h4><span style=\"color: #0000ff;\">M\u00c1Y IN TR\u1eaeNG \u0110EN, M\u00c1Y IN M\u00c0U.<\/span><\/h4>\n<\/li>\n<li>&nbsp; &#8211;&nbsp; S\u1ea1c m\u1ef1c m\u00e1y in ( \u0111\u1ed3ng gi\u00e1 80k\/1 b\u00ecnh) lo\u1ea1i m\u1ef1c 12A, 35A.<\/li>\n<li>&nbsp; &nbsp;&#8211; M\u1ef1c brother c\u00e1c d\u00f2ng ( gi\u00e1 120k\/1 b\u00ecnh).<\/li>\n<li>\n<h4><span style=\"color: #0000ff;\">M\u00c1Y IN M\u00c0U<\/span><\/h4>\n<\/li>\n<li>Nh\u1eefng d\u1ea5u hi\u1ec7u th\u1ea5y s\u1eafp h\u1ebft m\u1ef1c c\u1ea7n ph\u1ea3i thay.<\/li>\n<li>M\u1ef1c l\u00ean kh\u00f4ng \u0111\u1ec1u, xu\u1ea5t hi\u1ec7n nhi\u1ec1u s\u1ecdc, in m\u00e0u kh\u00f4ng \u0111\u1eb9p, in thi\u1ebfu m\u00e0u, in kh\u00f4ng c\u00f3 m\u00e0u&#8230;<\/li>\n<li>Thay m\u1ef1c m\u00e1y in m\u00e0u ( gi\u00e1 80k\/ b\u00ecnh m\u1ef1c m\u00e0u)<\/li>\n<\/ul>\n\n\n<h5 class=\"wp-block-heading\"><strong>Hotline &#8211; Zalo:&nbsp;<a href=\"tel: 0969478240\">0969478240<\/a><\/strong><\/h5>\n\n\n\n<h5 class=\"wp-block-heading\"><strong>T\u0103ng Long 2, Tam Quan Nam, Ho\u00e0i Nh\u01a1n, B\u00ecnh \u0110\u1ecbnh<\/strong><\/h5>\n\n\n\n<h5 class=\"wp-block-heading\"><strong>Website: <\/strong><a href=\"http:\/\/xuyennguyenft.com\"><strong>http:\/\/xuyennguyenft.<\/strong>com<\/a><\/h5>\n\n\n","protected":false},"excerpt":{"rendered":"<p>Hits: 302 S\u1eecA M\u00c1Y T\u00cdNH &#8211; LAPTOP &#8211; M\u00c1Y IN T\u1eacN NH\u00c0 T\u1ea1i Tam Quan Nam, Tam Quan, Ho\u00e0i H\u01b0\u01a1ng, [&hellip;]<\/p>\n","protected":false},"author":1,"featured_media":0,"parent":0,"menu_order":0,"comment_status":"closed","ping_status":"closed","template":"","meta":{"_monsterinsights_skip_tracking":false,"_monsterinsights_sitenote_active":false,"_monsterinsights_sitenote_note":"","_monsterinsights_sitenote_category":0,"footnotes":""},"class_list":["post-48","page","type-page","status-publish","hentry"],"_links":{"self":[{"href":"https:\/\/xuyennguyencomputer.com\/index.php\/wp-json\/wp\/v2\/pages\/48","targetHints":{"allow":["GET"]}}],"collection":[{"href":"https:\/\/xuyennguyencomputer.com\/index.php\/wp-json\/wp\/v2\/pages"}],"about":[{"href":"https:\/\/xuyennguyencomputer.com\/index.php\/wp-json\/wp\/v2\/types\/page"}],"author":[{"embeddable":true,"href":"https:\/\/xuyennguyencomputer.com\/index.php\/wp-json\/wp\/v2\/users\/1"}],"replies":[{"embeddable":true,"href":"https:\/\/xuyennguyencomputer.com\/index.php\/wp-json\/wp\/v2\/comments?post=48"}],"version-history":[{"count":9,"href":"https:\/\/xuyennguyencomputer.com\/index.php\/wp-json\/wp\/v2\/pages\/48\/revisions"}],"predecessor-version":[{"id":1259,"href":"https:\/\/xuyennguyencomputer.com\/index.php\/wp-json\/wp\/v2\/pages\/48\/revisions\/1259"}],"wp:attachment":[{"href":"https:\/\/xuyennguyencomputer.com\/index.php\/wp-json\/wp\/v2\/media?parent=48"}],"curies":[{"name":"wp","href":"https:\/\/api.w.org\/{rel}","templated":true}]}}