{"id":523,"date":"2021-09-05T02:20:40","date_gmt":"2021-09-05T02:20:40","guid":{"rendered":"https:\/\/xuyennguyencomputer.com\/?page_id=523"},"modified":"2021-09-26T12:31:07","modified_gmt":"2021-09-26T12:31:07","slug":"dich-vu-lap-dac-camera-quan-sat-tai-tam-quan-tam-quan-nam-hoai-huong-hoai-thanh-hoai-nhon-binh-dinh","status":"publish","type":"page","link":"https:\/\/xuyennguyencomputer.com\/index.php\/dich-vu-lap-dac-camera-quan-sat-tai-tam-quan-tam-quan-nam-hoai-huong-hoai-thanh-hoai-nhon-binh-dinh\/","title":{"rendered":"D\u1ecbch V\u1ee5 L\u1eafp \u0110\u1eb7c Camera Quan S\u00e1t T\u1ea1i, Tam Quan, Tam Quan Nam, Ho\u00e0i H\u01b0\u01a1ng, Ho\u00e0i Thanh, Ho\u00e0i Nh\u01a1n B\u00ecnh \u0110\u1ecbnh"},"content":{"rendered":"<p>Hits: 261<\/p>\n\n\n<p><strong>L\u1eafp \u0111\u1eb7t camera an ninh<\/strong>&nbsp;l\u00e0 \u0111i\u1ec1u r\u1ea5t c\u1ea7n thi\u1ebft cho m\u1ecdi gia \u0111\u00ecnh v\u00e0 h\u1ed9 kinh doanh, b\u1edfi khi b\u1ea1n b\u01b0\u1edbc ra kh\u1ecfi nh\u00e0 th\u00ec m\u1ecdi di\u1ec5n bi\u1ebfn t\u1ea1i khu v\u1ef1c v\u1eabn n\u1eb1m trong t\u1ea7m ki\u1ec3m so\u00e1t c\u1ee7a b\u1ea1n v\u00ec \u0111\u00e3 c\u00f3 h\u1ec7 th\u1ed1ng gi\u00e1m s\u00e1t khu v\u1ef1c ho\u1ea1t \u0111\u1ed9ng xuy\u00ean su\u1ed1t 24\/24.&nbsp;<strong>NH\u01afNG\u2026.&nbsp;<\/strong>\u0111\u1ec3 c\u00f3 gi\u1ea3i ph\u00e1p gi\u00e1m s\u00e1t an ninh hi\u1ec7u qu\u1ea3 th\u00ec ng\u01b0\u1eddi d\u00f9ng c\u1ea7n l\u1eafp \u0111\u1eb7t camera quan s\u00e1t \u0111\u00fang n\u01a1i, \u0111\u00fang quy tr\u00ecnh. V\u00e0 h\u01a1n n\u1eefa,\u2026<\/p>\n\n\n\n<p>\u0110\u00f4ng \u0111\u1ea3o Qu\u00fd kh\u00e1ch h\u00e0ng kh\u00f4ng th\u1ec3&nbsp;<strong>t\u1ef1 l\u1eafp camera t\u1ea1i nh\u00e0<\/strong>, n\u00ean hi\u1ec7n nay&nbsp;<strong>D\u1ecbch v\u1ee5 l\u1eafp \u0111\u1eb7t camera an ninh t\u1ea1i nh\u00e0<\/strong>&nbsp;\u0111ang \u0111\u01b0\u1ee3c nhi\u1ec1u ng\u01b0\u1eddi l\u1ef1a ch\u1ecdn. V\u1eady l\u00e0m sao \u0111\u1ec3 bi\u1ebft n\u01a1i n\u00e0o UY T\u00cdN \u2013 L\u1eaeP \u0110\u1eb6T CHUY\u00caN NGHI\u1ec6P \u2013 TH\u1ea8M M\u1ef8?<\/p>\n\n\n\n<p>Nh\u1eb1m mang \u0111\u1ebfn cho b\u1ea1n m\u1ed9t\u00a0<strong>d\u1ecbch v\u1ee5 l\u1eafp camera gi\u00e1m s\u00e1t t\u1ea1i Tam Quan, Tam Quan Nam, Ho\u00e0i H\u01b0\u01a1ng, Ho\u00e0i Thanh, Ho\u00e0i Nh\u01a1n B\u00ecnh \u0110\u1ecbnh<\/strong>\u00a0ho\u00e0n h\u1ea3o,\u00a0<strong><a href=\"https:\/\/camerahainam.net\/\" target=\"_blank\" rel=\"noreferrer noopener\">Camera Xuy\u00ean Nguy\u1ec5n Computer<\/a><\/strong>\u00a0ch\u00ednh l\u00e0 s\u1ef1 l\u1ef1a ch\u1ecdn t\u1ed1t nh\u1ea5t hi\u1ec7n nay. Ch\u00fang t\u00f4i t\u1ef1 h\u00e0o l\u00e0\u00a0<strong>nh\u00e0 ph\u00e2n ph\u1ed1i &amp; l\u1eafp \u0111\u1eb7t camera<\/strong>\u00a0d\u00e0y d\u1eb7n kinh nghi\u1ec7m, h\u1ed7 tr\u1ee3 kh\u1ea3o s\u00e1t\u00a0t\u1eadn nh\u00e0 nhanh ch\u00f3ng sau 30 ph\u00fat \u2013 2 ti\u1ebfng \u1edf n\u1ed9i th\u00e0nh, mang \u0111\u1ebfn kh\u00e1ch h\u00e0ng s\u1ea3n ph\u1ea9m t\u1ed1t, d\u1ecbch v\u1ee5 chuy\u00ean nghi\u1ec7p nh\u1ea5t.<\/p>\n\n\n\n\n\n<h1 class=\"wp-block-heading\" id=\"hn-giai-phap-lap-dat-camera-tron-goi-gia-re-chuyen-nghiep-tai-tphcm\">Gi\u1ea3i ph\u00e1p L\u1eafp \u0111\u1eb7t camera tr\u1ecdn g\u00f3i Gi\u00e1 R\u1ebb \u2013 Chuy\u00ean Nghi\u1ec7p t\u1ea1i Tam Quan, Tam Quan Nam<\/h1>\n\n\n\n<p><strong>L\u1eafp \u0111\u1eb7t camera tr\u1ecdn g\u00f3i t\u1ea1i  Tam Quan, Tam Quan Nam &nbsp;<\/strong>hi\u1ec7n \u0111ang \u0111\u01b0\u1ee3c Xuy\u00ean Nguy\u1ec5n Computer \u1ee9ng d\u1ee5ng cho nhi\u1ec1u c\u00f4ng tr\u00ecnh l\u1edbn, nh\u1ecf g\u1ed3m 2 gi\u1ea3i ph\u00e1p ch\u00ednh l\u00e0: l\u1eafp \u0111\u1eb7t tr\u1ecdn g\u00f3i camera quan s\u00e1t C\u00d3 D\u00c2Y v\u00e0 camera gi\u00e1m s\u00e1t KH\u00d4NG D\u00c2Y gi\u00e1 r\u1ebb. Theo t\u1eebng nhu c\u1ea7u v\u00e0 di\u1ec7n t\u00edch khu v\u1ef1c th\u00ec ng\u01b0\u1eddi d\u00f9ng s\u1ebd ch\u1ecdn ra gi\u1ea3i ph\u00e1p ri\u00eang cho m\u00ecnh. C\u1ee5 th\u1ec3 nh\u01b0 sau:<\/p>\n\n\n\n<h3 class=\"wp-block-heading\" id=\"hn-1-lap-dat-tron-goi-gia-re-tai-tp-hcm-camera-wifi-khong-day\"><strong>1\/ L\u1eafp \u0111\u1eb7t Tr\u1ecdn G\u00f3i Gi\u00e1 R\u1ebb t\u1ea1i TP.HCM \u2013 Camera Wifi kh\u00f4ng d\u00e2y<\/strong><\/h3>\n\n\n\n\n\n<p><strong>L\u1eafp \u0111\u1eb7t camera wifi t\u1ea1i nh\u00e0<\/strong>&nbsp;l\u00e0 gi\u1ea3i ph\u00e1p gi\u00e1m s\u00e1t&nbsp;ti\u1ec7n l\u1ee3i v\u00e0 ti\u1ebft ki\u1ec7m nh\u1ea5t hi\u1ec7n nay v\u00ec ch\u1ec9 c\u1ea7n&nbsp;<strong>295K<\/strong>&nbsp;l\u00e0 b\u1ea1n \u0111\u00e3 mua \u0111\u01b0\u1ee3c camera wifi gi\u00e1 qu\u00e1 r\u1ebb&nbsp;r\u1ed3i. Tuy nhi\u00ean, gi\u1ea3i ph\u00e1p n\u00e0y ch\u1ec9 ph\u00f9 h\u1ee3p v\u1edbi khu v\u1ef1c nh\u1ecf c\u1ea7n t\u1eeb 5 camera tr\u1edf l\u1ea1i m\u00e0 th\u00f4i.&nbsp;<\/p>\n\n\n\n<p><\/p>\n\n\n\n<p><strong>Camera gi\u00e1m s\u00e1t wifi<\/strong>&nbsp;s\u1ebd ho\u1ea1t \u0111\u1ed9ng d\u1ef1a tr\u00ean m\u1ea1ng internet kh\u00f4ng d\u00e2y, \u0111i\u1ec1u n\u00e0y s\u1ebd gi\u00fap ng\u01b0\u1eddi d\u00f9ng c\u00f3 th\u1ec3&nbsp;<strong>t\u1ef1 l\u1eafp \u0111\u1eb7t camera t\u1ea1i nh\u00e0<\/strong>&nbsp;ho\u1eb7c c\u00f3 th\u1ec3 \u0111\u1eb7t ngay&nbsp;<strong>d\u1ecbch v\u1ee5 l\u1eafp \u0111\u1eb7t camera tr\u1ecdn g\u00f3i t\u1ea1i nh\u00e0 \u1edf Tam Quan, Tam Quan Nam <\/strong>c\u1ee7a Xuy\u00ean Nguy\u1ec5n Computer &nbsp;v\u1edbi m\u1ee9c ph\u00ed C\u1ef0C R\u1eba.<\/p>\n\n\n\n<div class=\"wp-block-image\"><figure class=\"aligncenter size-large is-resized\"><img loading=\"lazy\" decoding=\"async\" src=\"https:\/\/xuyennguyencomputer.com\/wp-content\/uploads\/2021\/09\/camera-yoosee.jpg\" alt=\"\" class=\"wp-image-524\" width=\"311\" height=\"311\" srcset=\"https:\/\/xuyennguyencomputer.com\/wp-content\/uploads\/2021\/09\/camera-yoosee.jpg 800w, https:\/\/xuyennguyencomputer.com\/wp-content\/uploads\/2021\/09\/camera-yoosee-300x300.jpg 300w, https:\/\/xuyennguyencomputer.com\/wp-content\/uploads\/2021\/09\/camera-yoosee-150x150.jpg 150w, https:\/\/xuyennguyencomputer.com\/wp-content\/uploads\/2021\/09\/camera-yoosee-768x768.jpg 768w, https:\/\/xuyennguyencomputer.com\/wp-content\/uploads\/2021\/09\/camera-yoosee-65x65.jpg 65w, https:\/\/xuyennguyencomputer.com\/wp-content\/uploads\/2021\/09\/camera-yoosee-200x200.jpg 200w, https:\/\/xuyennguyencomputer.com\/wp-content\/uploads\/2021\/09\/camera-yoosee-85x85.jpg 85w, https:\/\/xuyennguyencomputer.com\/wp-content\/uploads\/2021\/09\/camera-yoosee-125x125.jpg 125w, https:\/\/xuyennguyencomputer.com\/wp-content\/uploads\/2021\/09\/camera-yoosee-90x90.jpg 90w\" sizes=\"auto, (max-width: 311px) 100vw, 311px\" \/><\/figure><\/div>\n\n\n\n<p><strong>KHUY\u1ebeN M\u00c3I H\u1ea4P D\u1eaaN<\/strong><\/p>\n\n\n\n\n\n<ul class=\"wp-block-list\"><li><strong><em>GI\u1ea2M 50K khi \u0111\u1eb7t camera WIFI kh\u00f4ng d\u00e2y + TH\u1eba NH\u1eda<\/em><\/strong><\/li><li><strong><em>MI\u1ec4N PH\u00cd v\u1eadn chuy\u1ec3n \u2013 Si\u00eau t\u1ed1c t\u1ea1i Tam Quan, Tam Quan Nam, Ho\u00e0i Thanh, Ho\u00e0i H\u01b0\u01a1ng<\/em><\/strong><\/li><li><strong><em>MI\u1ec4N PH\u00cd h\u01b0\u1edbng d\u1eabn s\u1eed d\u1ee5ng t\u1eadn nh\u00e0 t\u1ea1i <strong><em>Tam Quan, <strong><em>Tam Quan Nam, Ho\u00e0i Thanh, Ho\u00e0i H\u01b0\u01a1ng<\/em><\/strong><\/em><\/strong><\/em><\/strong><\/li><li><strong><em>H\u1ed7 tr\u1ee3 l\u1eafp \u0111\u1eb7t t\u1eadn n\u01a1i t\u1ea1i <strong><em><strong><em>Tam Quan, <strong><em>Tam Quan Nam, Ho\u00e0i Thanh, Ho\u00e0i H\u01b0\u01a1ng<\/em><\/strong><\/em><\/strong><\/em><\/strong><\/em><\/strong><\/li><li><strong><em>B\u1ea3o h\u00e0nh 12 \u2013 24 th\u00e1ng Chu \u0110\u00e1o, Uy T\u00edn<\/em><\/strong><\/li><\/ul>\n\n\n\n<h4 class=\"has-text-color wp-block-heading\" id=\"hn-uu-diem-khi-chon-giai-phap-lap-camera-quan-sat-khong-day\" style=\"color:#f10a25\"><strong>\u01afU \u0110I\u1ec2M khi ch\u1ecdn gi\u1ea3i ph\u00e1p l\u1eafp camera quan s\u00e1t kh\u00f4ng d\u00e2y<\/strong><\/h4>\n\n\n\n<ul class=\"wp-block-list\"><li>D\u1ec5 \u0111\u1ea7u t\u01b0: camera an ninh wifi r\u1ebb h\u01a1n r\u1ea5t nhi\u1ec1u so v\u1edbi \u0111\u1ea7u t\u01b0 h\u1ec7 th\u1ed1ng camera c\u00f3 d\u00e2y v\u00ec b\u1ea1n kh\u00f4ng c\u1ea7n \u0111\u1ea7u t\u01b0 \u0111\u1ea7u thu h\u00ecnh, d\u00e2y t\u00edn hi\u1ec7u, \u1ed5 c\u1ee9ng,\u2026 C\u00e0ng ti\u1ec7n l\u1ee3i h\u01a1n n\u1ebfu nh\u00e0 b\u1ea1n \u0111\u00e3 c\u00f3 s\u1eb5n m\u1ea1ng Wifi kh\u00f4ng d\u00e2y v\u00e0 \u0111i\u1ec7n tho\u1ea1i smart-phone th\u00ec ch\u1ec9 c\u1ea7n mua camera + th\u1ebb nh\u1edb l\u00e0 s\u1eed d\u1ee5ng \u0111\u01b0\u1ee3c ngay<\/li><li>Nhi\u1ec1u ti\u1ec7n \u00edch: b\u1ea1n c\u00f3 th\u1ec3 tr\u1ea3i nghi\u1ec7p \u0111\u01b0\u1ee3c c\u00e1c t\u00ednh n\u0103ng nh\u01b0: Xoay 360, \u0111\u00e0m tho\u1ea1i \u0111a chi\u1ec1u, ghi h\u00ecnh s\u1eafc n\u00e9t, c\u1ea3nh b\u00e1o tr\u1ed9m qua di\u1ec7n tho\u1ea1i, xem camera m\u1ecdi l\u00fac m\u1ecdi n\u01a1i,\u2026<\/li><\/ul>\n\n\n\n<blockquote class=\"wp-block-quote is-layout-flow wp-block-quote-is-layout-flow\"><p><em>N\u1ebfu b\u1ea1n mu\u1ed1n bi\u1ebft ch\u00fang t\u00f4i l\u1eafp camera t\u1ea1i nh\u00e0 v\u1edbi gi\u00e1 bao nhi\u00eau th\u00ec tham kh\u1ea3o ngay d\u01b0\u1edbi \u0111\u00e2y nh\u00e9! H\u00e3y nh\u1ea5p g\u1ecdi 0969.478.240 &nbsp;ngay \u0111\u1ec3 \u0111\u01b0\u1ee3c \u0111\u1ec1 xu\u1ea5t nhi\u1ec1u gi\u1ea3i ph\u00e1p an ninh t\u1ed1i \u01b0u cho kh\u00f4ng gian ban n\u00e0o! Tham kh\u1ea3o th\u00eam c\u00e1c ch\u01b0\u01a1ng tr\u00ecnh \u01b0u \u0111\u00e3i h\u1ea5p d\u1eabn ngay h\u00f4m nay nh\u00e9!<\/em><\/p><\/blockquote>\n\n\n\n<h3 class=\"wp-block-heading\" id=\"hn-2-lap-dat-camera-co-day-tron-goi-gia-re-tphcm\">2\/ L\u1eafp \u0111\u1eb7t camera c\u00f3 d\u00e2y tr\u1ecdn g\u00f3i gi\u00e1 r\u1ebb  t\u1ea1i <strong style=\"color: revert; font-size: revert;\"><em><strong><em><strong><em>Tam Quan, <strong><em>Tam Quan Nam, Ho\u00e0i Thanh, Ho\u00e0i H\u01b0\u01a1ng<\/em><\/strong><\/em><\/strong><\/em><\/strong><\/em><\/strong> <\/h3>\n\n\n\n\n\n<p><strong>L\u1eafp \u0111\u1eb7t camera c\u00f3 d\u00e2y tr\u1ecdn g\u00f3i gi\u00e1 r\u1ebb t\u1ea1i  <strong style=\"font-size: revert; color: initial;\"><em><strong><em><strong><em>Tam Quan, <strong><em>Tam Quan Nam, Ho\u00e0i Thanh, Ho\u00e0i H\u01b0\u01a1ng<\/em><\/strong><\/em><\/strong><\/em><\/strong><\/em><\/strong> <\/strong>&nbsp;s\u1ebd l\u00e0 gi\u1ea3i ph\u00e1p ti\u1ebfp theo m\u00e0 ch\u00fang t\u00f4i \u0111\u00e3 \u1ee9ng d\u1ee5ng th\u00e0nh c\u00f4ng cho nhi\u1ec1u c\u00f4ng tr\u00ecnh quy m\u00f4 l\u1edbn: tr\u01b0\u1eddng h\u1ecdc, b\u1ec7nh vi\u1ec7n, nh\u00e0 m\u00e1y, h\u1ed9 gia \u0111\u00ecnh, chung c\u01b0\u2026 N\u1ebfu quy m\u00f4 c\u1ee7a b\u1ea1n r\u1ed9ng l\u1edbn th\u00ec b\u1ea1n c\u00f3 ch\u1ecdn ph\u01b0\u01a1ng \u00e1n n\u00e0y kh\u00f4ng?&nbsp;<\/p>\n\n\n\n<p>M\u1eddi b\u1ea1n xem \u0111\u1ec3 l\u1ef1a ch\u1ecdn s\u1ed1 l\u01b0\u1ee3ng m\u1eaft camera c\u1ea7n l\u1eafp:&nbsp;<\/p>\n\n\n\n<figure class=\"wp-block-table\"><table><tbody><tr><td><strong>Tr\u1ecdn g\u00f3i camera&nbsp;<\/strong><\/td><td><strong>B\u00e1o gi\u00e1 tr\u1ecdn b\u1ed9 camera an ninh c\u00f3 d\u00e2y<\/strong><\/td><\/tr><tr><td><strong>Tr\u1ecdn b\u1ed9 4 camera Hikvision 1.0MP<\/strong><\/td><td><strong>4.200.000\u0111&nbsp;<\/strong><\/td><\/tr><tr><td><strong>Tr\u1ecdn b\u1ed9 4 camera Hikvision 2.0MP<\/strong><\/td><td><strong>4.800.000\u0111<\/strong><\/td><\/tr><tr><td><strong>Tr\u1ecdn b\u1ed9 4 camera Hikvision 5.0MP<\/strong><\/td><td><strong>6.500.000\u0111&nbsp;<\/strong><\/td><\/tr><tr><td><strong>Tr\u1ecdn b\u1ed9 4 camera IP Dahua 2.0MP<\/strong><\/td><td><strong>5.900.000\u0111<\/strong><\/td><\/tr><tr><td><strong>Tr\u1ecdn b\u1ed9 4 camera KBvision 2.0MP<\/strong><\/td><td><strong>4.479.000\u0111<\/strong><\/td><\/tr><tr><td><strong>Tr\u1ecdn b\u1ed9 4 camera KBvision 5.0MP<\/strong><\/td><td><strong>7.184.000\u0111<\/strong><\/td><\/tr><\/tbody><\/table><\/figure>\n\n\n\n<p><em>L\u1eafp \u0111\u1eb7t camera tr\u1ecdn g\u00f3i c\u00f3 d\u00e2y s\u1ebd \u0111\u01b0\u1ee3c giao nh\u1eadn \u0111\u1ea7y \u0111\u1ee7 c\u00e1c thi\u1ebft b\u1ecb b\u1ed9 ph\u1eadn sau:<\/em><br>+\u00a0<em><strong>Camera c\u00f3 d\u00e2y<\/strong>\u00a0ch\u00ednh h\u00e3ng (Hikvision, Dahua, Kbvision\u2026)\u00a0<\/em>d\u1ea1ng Dome ho\u1eb7c th\u00e2n (tu\u1ef3 ch\u1ecdn)<br>+ \u0110\u1ea7u ghi h\u00ecnh<br>+ \u1ed4 c\u1ee9ng Seagate\/Western 500GB,<em>\u00a01TB, 2TB, 4TB, 6TB\u2026<\/em><br>+ T\u1eb7ng d\u00e2y t\u00edn hi\u1ec7u<br>+ T\u1eb7ng Ngu\u1ed3n 12V, h\u1ed9p k\u1ef9 thu\u1eadt, Balun 1080P, \u1ed4 c\u1eafm 8 l\u1ed7, HDMI 2 m\u00e9t,..<\/p>\n\n\n\n\n\n<div class=\"wp-block-image\"><figure class=\"aligncenter size-large is-resized\"><img loading=\"lazy\" decoding=\"async\" src=\"https:\/\/xuyennguyencomputer.com\/wp-content\/uploads\/2021\/09\/camera-hikvision-5-10.jpg\" alt=\"\" class=\"wp-image-525\" width=\"406\" height=\"406\" srcset=\"https:\/\/xuyennguyencomputer.com\/wp-content\/uploads\/2021\/09\/camera-hikvision-5-10.jpg 650w, https:\/\/xuyennguyencomputer.com\/wp-content\/uploads\/2021\/09\/camera-hikvision-5-10-300x300.jpg 300w, https:\/\/xuyennguyencomputer.com\/wp-content\/uploads\/2021\/09\/camera-hikvision-5-10-150x150.jpg 150w, https:\/\/xuyennguyencomputer.com\/wp-content\/uploads\/2021\/09\/camera-hikvision-5-10-65x65.jpg 65w, https:\/\/xuyennguyencomputer.com\/wp-content\/uploads\/2021\/09\/camera-hikvision-5-10-200x200.jpg 200w, https:\/\/xuyennguyencomputer.com\/wp-content\/uploads\/2021\/09\/camera-hikvision-5-10-85x85.jpg 85w, https:\/\/xuyennguyencomputer.com\/wp-content\/uploads\/2021\/09\/camera-hikvision-5-10-125x125.jpg 125w, https:\/\/xuyennguyencomputer.com\/wp-content\/uploads\/2021\/09\/camera-hikvision-5-10-90x90.jpg 90w\" sizes=\"auto, (max-width: 406px) 100vw, 406px\" \/><\/figure><\/div>\n\n\n\n<h2 class=\"has-text-color wp-block-heading\" id=\"hn-dich-vu-lap-dat-camera-tai-tphcm-voi-quy-trinh-chuyen-nghiep\" style=\"color:#e20808\">D\u1ecbch v\u1ee5 L\u1eafp \u0111\u1eb7t camera t\u1ea1i  <strong><strong style=\"font-size: revert; color: initial;\"><em><strong><em><strong><em>Tam Quan, <strong><em>Tam Quan Nam, Ho\u00e0i Thanh, Ho\u00e0i H\u01b0\u01a1ng<\/em><\/strong><\/em><\/strong><\/em><\/strong><\/em><\/strong><\/strong>  v\u1edbi quy tr\u00ecnh chuy\u00ean nghi\u1ec7p&nbsp;<\/h2>\n\n\n\n<p><strong>L\u1eafp \u0111\u1eb7t camera t\u1ea1i  <strong><strong style=\"font-size: revert; color: initial;\"><em><strong><em><strong><em>Tam Quan, <strong><em>Tam Quan Nam, Ho\u00e0i Thanh, Ho\u00e0i H\u01b0\u01a1ng<\/em><\/strong><\/em><\/strong><\/em><\/strong><\/em><\/strong><\/strong> <\/strong>&nbsp;c\u00f3 quy tr\u00ecnh l\u1eafp \u0111\u1eb7t chuy\u00ean nghi\u1ec7p \u0111\u01b0\u1ee3c th\u1ef1c hi\u1ec7n b\u1edfi c\u00e1c k\u1ef9 thu\u1eadt vi\u00ean c\u1ee7a H\u1ea3i Nam.&nbsp;H\u00e3y c\u00f9ng xem qua qu\u00e1 tr\u00ecnh H\u1ea3i Nam th\u1ef1c hi\u1ec7n vi\u1ec7c&nbsp;<strong>l\u1eafp \u0111\u1eb7t camera tr\u1ecdn g\u00f3i t\u1ea1i nh\u00e0<\/strong>&nbsp;g\u1ed3m nh\u1eefng c\u00f4ng \u0111o\u1ea1n n\u00e0o nh\u00e9!&nbsp;<\/p>\n\n\n\n<ul class=\"wp-block-list\"><li><em>Kh\u1ea3o s\u00e1t khu v\u1ef1c \u2013 ch\u1ecdn v\u1ecb tr\u00ed l\u1eafp \u0111\u1eb7t \u2013 l\u1eadp b\u1ea3n v\u1ebd \u0111\u01b0\u1eddng d\u00e2y<\/em><\/li><li><em>L\u1eadp b\u00e1o gi\u00e1 camera chi ti\u1ebft , trao \u0111\u1ed5i nhi\u1ec7t t\u00ecnh \u2013 Th\u1ecfa thu\u1eadn th\u1eddi gian, \u0111\u1ecba \u0111i\u1ec3m, chi ph\u00ed<\/em><\/li><li><em>Ti\u1ebfn h\u00e0nh l\u1eafp \u0111\u1eb7t camera tr\u1ecdn g\u00f3i cho kh\u00e1ch h\u00e0ng t\u1ea1i nh\u00e0<\/em><\/li><li><em>TEST ch\u1ea5t l\u01b0\u1ee3ng h\u1ec7 th\u1ed1ng camera sau khi ho\u00e0n th\u00e0nh<\/em><\/li><li><em>Sau khi ho\u00e0n th\u00e0nh vi\u1ec7c l\u1eafp \u0111\u1eb7t, th\u1ee3 k\u1ef9 thu\u1eadt s\u1ebd test h\u00ecnh \u1ea3nh t\u1ea1i t\u1ea5t c\u1ea3 c\u00e1c m\u1eaft camera trong to\u00e0n b\u1ed9 khu v\u1ef1c. N\u1ebfu c\u00f3 s\u1ef1 c\u1ed1 s\u1ebd kh\u1eafc ph\u1ee5c l\u1ed7i<\/em><\/li><\/ul>\n\n\n\n<p>Sau khi&nbsp;<strong>th\u1ee3 l\u1eafp \u0111\u1eb7t camera<\/strong>&nbsp;c\u1ee7a <strong>Xuy\u00ean Nguy\u1ec5n Computer<\/strong> \u0111\u00e3 th\u1ef1c hi\u1ec7n xong quy tr\u00ecnh l\u1eafp th\u00ec b\u1ea1n v\u1eabn c\u1ee9 an t\u00e2m nh\u00e9! V\u00ec&nbsp;<strong>d\u1ecbch v\u1ee5 l\u1eafp \u0111\u1eb7t camera<\/strong>&nbsp;c\u1ee7a ch\u00fang t\u00f4i lu\u00f4n c\u00f3 tr\u00e1ch nhi\u1ec7m l\u00e2u d\u00e0i, b\u1ea3o h\u00e0nh chu \u0111\u00e1o. N\u1ebfu h\u1ec7 th\u1ed1ng&nbsp;<a href=\"https:\/\/camerahainam.net\/bao-gia-lap-dat-tron-goi-camera\/\" target=\"_blank\" rel=\"noreferrer noopener\"><strong>camera quan s\u00e1t<\/strong><\/a>&nbsp;c\u1ee7a b\u1ea1n c\u00f3 b\u1ea5t k\u1ef3 ph\u00e1t sinh n\u00e0o th\u00ec h\u00e3y g\u1ecdi ch\u00fang t\u00f4i.&nbsp;<\/p>\n\n\n\n<h2 class=\"wp-block-heading\" id=\"hn-cong-ty-lap-dat-camera-tron-goi-gia-re-tai-tphcm\">C\u00f4ng ty l\u1eafp \u0111\u1eb7t camera tr\u1ecdn g\u00f3i gi\u00e1 r\u1ebb t\u1ea1i Tam Quan Nam, Tam Quan, Ho\u00e0i H\u01b0\u01a1ng, Ho\u00e0i Thanh, Ho\u00e0i Nh\u01a1n<\/h2>\n\n\n\n<p><strong>C\u00f4ng ty l\u1eafp \u0111\u1eb7t camera tr\u1ecdn g\u00f3i gi\u00e1 r\u1ebb t\u1ea1i  Tam Quan Nam, Tam Quan, Ho\u00e0i H\u01b0\u01a1ng, Ho\u00e0i Thanh, Ho\u00e0i Nh\u01a1n <\/strong>hi\u1ec7n nay kh\u00e1 nhi\u1ec1u kh\u00e1 c\u1ea1nh tranh. V\u00ec th\u1ebf kh\u00e1ch h\u00e0ng c\u1ea7n th\u00f4ng th\u00e1i v\u00e0 c\u1ea9n tr\u1ecdng h\u01a1n khi \u0111\u1eb7t ni\u1ec1m tin v\u00e0o m\u1ed9t c\u01a1 s\u1edf hay c\u00e1 nh\u00e2n n\u00e0o \u0111\u00f3.&nbsp;<\/p>\n\n\n\n<p>M\u00e0 nh\u01b0 v\u1eady th\u00ec th\u1eadt kh\u00f3 cho ng\u01b0\u1eddi ti\u00eau d\u00f9ng. L\u00e0m sao bi\u1ebft \u0111\u01b0\u1ee3c \u0111\u00e2u l\u00e0 th\u1eadt, \u0111\u00e2u l\u00e0 gi\u1ea3?&nbsp;<\/p>\n\n\n\n<p><a href=\"https:\/\/camerahainam.net\/\" target=\"_blank\" rel=\"noreferrer noopener\"><strong>Xuy\u00ean Nguy\u1ec5n Computer<\/strong><\/a>&nbsp;ch\u00e2n th\u00e0nh khuy\u00ean b\u1ea1n n\u00ean ch\u1ecdn n\u01a1i cung c\u1ea5p<strong>&nbsp;d\u1ecbch v\u1ee5 l\u1eafp \u0111\u1eb7t camera t\u1ea1i nh\u00e0<\/strong>&nbsp;c\u00f3 nh\u1eefng cam k\u1ebft sau: gi\u00e1 r\u1ebb, h\u00e0ng ch\u00ednh h\u00e3ng, c\u00f3 h\u1ed7 tr\u1ee3 l\u1eafp &amp; c\u00e0i \u0111\u1eb7t, c\u00f3 b\u1ea3o h\u00e0nh.&nbsp;<\/p>\n\n\n\n<p>V\u00e0 hi\u1ec7n t\u1ea1i, d\u1ecbch v\u1ee5 ch\u00fang t\u00f4i c\u00f3 \u0111\u1ea7y \u0111\u1ee7 t\u1ea5t c\u1ea3 c\u00e1c \u0111i\u1ec1u ki\u1ec7n tr\u00ean \u0111\u00e2y. Ch\u00fang t\u00f4i cam k\u1ebft cung c\u1ea5p&nbsp;[100%&nbsp;<a href=\"https:\/\/xuyennguyenft.com\" target=\"_blank\" rel=\"noreferrer noopener\" title=\"https:\/\/cameraipgiasi.com\/lap-dat-camera-an-ninh-gia-dinh\/\"><strong>camera an ninh gia \u0111\u00ecnh<\/strong><\/a>&nbsp;ch\u00ednh h\u00e3ng, c\u00f3 gi\u00e1 t\u1ed1t \u01b0u \u0111\u00e3i, c\u00f3 qu\u00e0 t\u1eb7ng h\u1ea5p d\u1eabn. \u0110\u1eb7c bi\u1ec7t nh\u1ea5t l\u00e0 c\u00f3 b\u1ea3o h\u00e0nh 1 \u2013 2 n\u0103m]. Do \u0111\u00f3, trong qu\u00e1 tr\u00ecnh s\u1eed d\u1ee5ng m\u00e0 camera c\u00f3 s\u1ef1 c\u1ed1 th\u00ec b\u1ea1n c\u0169ng kh\u00f4ng lo m\u1ea5t ti\u1ec1n k\u00eau th\u1ee3 s\u1eeda nh\u00e9!&nbsp;<\/p>\n\n\n\n<p><em><strong><em>Hotline t\u01b0 v\u1ea5n:<\/em>\u00a0<a href=\"tel:0969478240\">0969.478.240<\/a><br>Mua h\u00e0ng tr\u1ef1c ti\u1ebfp t\u1ea1i:\u00a0Tr\u1ea7n L\u00ea, T\u0103ng Long 2, Tam Quan Nam, Ho\u00e0i Nh\u01a1n, B\u00ecnh \u0110\u1ecbnh<\/strong><\/em><\/p>\n\n\n","protected":false},"excerpt":{"rendered":"<p>Hits: 261 L\u1eafp \u0111\u1eb7t camera an ninh&nbsp;l\u00e0 \u0111i\u1ec1u r\u1ea5t c\u1ea7n thi\u1ebft cho m\u1ecdi gia \u0111\u00ecnh v\u00e0 h\u1ed9 kinh doanh, b\u1edfi [&hellip;]<\/p>\n","protected":false},"author":1,"featured_media":0,"parent":0,"menu_order":0,"comment_status":"closed","ping_status":"closed","template":"","meta":{"_monsterinsights_skip_tracking":false,"_monsterinsights_sitenote_active":false,"_monsterinsights_sitenote_note":"","_monsterinsights_sitenote_category":0,"footnotes":""},"class_list":["post-523","page","type-page","status-publish","hentry"],"_links":{"self":[{"href":"https:\/\/xuyennguyencomputer.com\/index.php\/wp-json\/wp\/v2\/pages\/523","targetHints":{"allow":["GET"]}}],"collection":[{"href":"https:\/\/xuyennguyencomputer.com\/index.php\/wp-json\/wp\/v2\/pages"}],"about":[{"href":"https:\/\/xuyennguyencomputer.com\/index.php\/wp-json\/wp\/v2\/types\/page"}],"author":[{"embeddable":true,"href":"https:\/\/xuyennguyencomputer.com\/index.php\/wp-json\/wp\/v2\/users\/1"}],"replies":[{"embeddable":true,"href":"https:\/\/xuyennguyencomputer.com\/index.php\/wp-json\/wp\/v2\/comments?post=523"}],"version-history":[{"count":3,"href":"https:\/\/xuyennguyencomputer.com\/index.php\/wp-json\/wp\/v2\/pages\/523\/revisions"}],"predecessor-version":[{"id":807,"href":"https:\/\/xuyennguyencomputer.com\/index.php\/wp-json\/wp\/v2\/pages\/523\/revisions\/807"}],"wp:attachment":[{"href":"https:\/\/xuyennguyencomputer.com\/index.php\/wp-json\/wp\/v2\/media?parent=523"}],"curies":[{"name":"wp","href":"https:\/\/api.w.org\/{rel}","templated":true}]}}